{"id":7,"date":"2016-01-29T10:13:23","date_gmt":"2016-01-29T10:13:23","guid":{"rendered":"http:\/\/beca-consulting.test\/index.php\/services\/"},"modified":"2026-05-07T17:53:55","modified_gmt":"2026-05-07T15:53:55","slug":"service-beca-consult","status":"publish","type":"page","link":"https:\/\/beca-consult.com\/?page_id=7","title":{"rendered":"Services"},"content":{"rendered":"<div class=\"wpb-content-wrapper\"><p>[vc_row type=\u00a0\u00bbvc_default\u00a0\u00bb margin_top=\u00a0\u00bb60&Prime; margin_bottom=\u00a0\u00bb-40&Prime; css=\u00a0\u00bb.vc_custom_1770803712422{padding-top: 20px !important;padding-bottom: 30px !important;}\u00a0\u00bb][vc_column css=\u00a0\u00bb.vc_custom_1770803776908{padding-bottom: 20px !important;}\u00a0\u00bb]<div id=\"ultimate-heading-35016a044f09a5fc5\" class=\"uvc-heading ult-adjust-bottom-margin ultimate-heading-35016a044f09a5fc5 uvc-876 accent-border-color\" data-hspacer=\"line_only\"  data-halign=\"left\" style=\"text-align:left\"><div class=\"uvc-main-heading ult-responsive\"  data-ultimate-target='.uvc-heading.ultimate-heading-35016a044f09a5fc5 h2'  data-responsive-json-new='{\"font-size\":\"desktop:20px;\",\"line-height\":\"desktop:20px;\"}' ><h2 style=\"font-weight:bold;margin-bottom:5px;\">Nos offres de service<\/h2><\/div><div class=\"uvc-heading-spacer line_only\" style=\"topheight:5px;\"><span class=\"uvc-headings-line\" style=\"border-style:solid;border-bottom-width:5px;border-color:;width:200px;\"><\/span><\/div><\/div>[\/vc_column][vc_column]<style type=\"text\/css\" data-type=\"the7_shortcodes-inline-css\">.carousel-shortcode.carousel-shortcode-id-40950482e1f92f0619c8fd6e937c7842.owl-carousel .owl-nav div {\n  width: 22px;\n  height: 80px;\n  border-radius: 0px;\n}\n.dt-arrow-border-on.carousel-shortcode.carousel-shortcode-id-40950482e1f92f0619c8fd6e937c7842.owl-carousel .owl-nav div:not(:hover):before {\n  border-width: 0px;\n}\n.dt-arrow-hover-border-on.carousel-shortcode.carousel-shortcode-id-40950482e1f92f0619c8fd6e937c7842.owl-carousel .owl-nav div:hover:after {\n  border-width: 0px;\n}\n.arrows-hover-bg-on.carousel-shortcode.carousel-shortcode-id-40950482e1f92f0619c8fd6e937c7842.owl-carousel .owl-nav div:after {\n  background: #f4a215;\n}\n.carousel-shortcode.carousel-shortcode-id-40950482e1f92f0619c8fd6e937c7842.owl-carousel .owl-nav div.owl-prev {\n  top: 50%;\n  transform: translateY(calc(-50% + 0px));\n  left: 0px;\n}\n@media all and (-ms-high-contrast: none) {\n  .carousel-shortcode.carousel-shortcode-id-40950482e1f92f0619c8fd6e937c7842.owl-carousel .owl-nav div.owl-prev {\n    transform: translateY(-50%);\n    margin-top: 0px;\n  }\n}\n.carousel-shortcode.carousel-shortcode-id-40950482e1f92f0619c8fd6e937c7842.owl-carousel .owl-nav div.owl-prev i {\n  padding: 0px 0px 0px 0px;\n}\n.carousel-shortcode.carousel-shortcode-id-40950482e1f92f0619c8fd6e937c7842.owl-carousel .owl-nav div.owl-next {\n  top: 50%;\n  transform: translateY(calc(-50% + 0px));\n  right: 0px;\n}\n@media all and (-ms-high-contrast: none) {\n  .carousel-shortcode.carousel-shortcode-id-40950482e1f92f0619c8fd6e937c7842.owl-carousel .owl-nav div.owl-next {\n    transform: translateY(-50%);\n    margin-top: 0px;\n  }\n}\n.carousel-shortcode.carousel-shortcode-id-40950482e1f92f0619c8fd6e937c7842.owl-carousel .owl-nav div.owl-next i {\n  padding: 0px 0px 0px 0px;\n}\n.carousel-shortcode.carousel-shortcode-id-40950482e1f92f0619c8fd6e937c7842.owl-carousel .owl-nav i {\n  font-size: 18px;\n}\n.carousel-shortcode.carousel-shortcode-id-40950482e1f92f0619c8fd6e937c7842.owl-carousel .owl-nav div:not(:hover) i,\n.carousel-shortcode.carousel-shortcode-id-40950482e1f92f0619c8fd6e937c7842.owl-carousel .owl-nav div:not(:hover) i:before {\n  color: #ffffff;\n  background: none;\n}\n.carousel-shortcode.carousel-shortcode-id-40950482e1f92f0619c8fd6e937c7842.owl-carousel .owl-nav div:hover i,\n.carousel-shortcode.carousel-shortcode-id-40950482e1f92f0619c8fd6e937c7842.owl-carousel .owl-nav div:hover i:before {\n  color: #ffffff;\n  background: none;\n}\n.carousel-shortcode.carousel-shortcode-id-40950482e1f92f0619c8fd6e937c7842 .owl-dots {\n  top: calc(100% + 20px);\n  left: 50%;\n  transform: translateX(calc(-50% + 0px));\n}\n@media all and (-ms-high-contrast: none) {\n  .carousel-shortcode.carousel-shortcode-id-40950482e1f92f0619c8fd6e937c7842 .owl-dots {\n    transform: translateX(-50%);\n    margin-left: 0px;\n  }\n}\n.carousel-shortcode.carousel-shortcode-id-40950482e1f92f0619c8fd6e937c7842 .owl-dot {\n  width: 10px;\n  height: 10px;\n  margin: 0 8px;\n}\n@media screen and (max-width: 778px) {\n  .carousel-shortcode.carousel-shortcode-id-40950482e1f92f0619c8fd6e937c7842.hide-arrows .owl-nav a {\n    display: none;\n  }\n}\n@media screen and (max-width: 778px) {\n  .carousel-shortcode.carousel-shortcode-id-40950482e1f92f0619c8fd6e937c7842.reposition-arrows .owl-nav div.owl-prev {\n    top: 50%;\n    transform: translateY(calc(-50% + 0px));\n    left: 10px;\n  }\n  .carousel-shortcode.carousel-shortcode-id-40950482e1f92f0619c8fd6e937c7842.reposition-arrows .owl-nav div.owl-next {\n    top: 50%;\n    transform: translateY(calc(-50% + 0px));\n    right: 10px;\n  }\n}\n@media screen and (max-width: 778px) and all and (-ms-high-contrast: none) {\n  .carousel-shortcode.carousel-shortcode-id-40950482e1f92f0619c8fd6e937c7842.reposition-arrows .owl-nav div.owl-prev {\n    transform: translateY(-50%);\n    margin-top: 0px;\n  }\n}\n@media screen and (max-width: 778px) and all and (-ms-high-contrast: none) {\n  .carousel-shortcode.carousel-shortcode-id-40950482e1f92f0619c8fd6e937c7842.reposition-arrows .owl-nav div.owl-next {\n    transform: translateY(-50%);\n    margin-top: 0px;\n  }\n}<\/style><div class=\"owl-carousel carousel-shortcode dt-owl-carousel-call carousel-shortcode-id-40950482e1f92f0619c8fd6e937c7842 bullets-small-dot-stroke arrows-bg-on dt-arrow-border-on dt-arrow-hover-border-on arrows-hover-bg-on  vc_custom_1768840822012 \" data-scroll-mode=\"1\" data-col-num=\"4\" data-wide-col-num=\"4\" data-laptop-col=\"3\" data-h-tablet-columns-num=\"3\" data-v-tablet-columns-num=\"2\" data-phone-columns-num=\"1\" data-auto-height=\"true\" data-col-gap=\"30\" data-stage-padding=\"0\" data-speed=\"600\" data-autoplay=\"false\" data-autoplay_speed=\"6000\" data-arrows=\"true\" data-bullet=\"false\" data-next-icon=\"icon-ar-017-r\" data-prev-icon=\"icon-ar-017-l\">[vc_row_inner][vc_column_inner]<style type=\"text\/css\" data-type=\"the7_shortcodes-inline-css\">.shortcode-single-image-wrap.shortcode-single-image-67e38ece2fd3d8207dc801cd3126edfd.enable-bg-rollover .rollover i,\n.shortcode-single-image-wrap.shortcode-single-image-67e38ece2fd3d8207dc801cd3126edfd.enable-bg-rollover .rollover-video i {\n  background: -webkit-linear-gradient();\n  background: linear-gradient();\n}\n.shortcode-single-image-wrap.shortcode-single-image-67e38ece2fd3d8207dc801cd3126edfd .rollover-icon {\n  font-size: 32px;\n  color: #ffffff;\n  min-width: 44px;\n  min-height: 44px;\n  line-height: 44px;\n  border-radius: 100px;\n  border-style: solid;\n  border-width: 0px;\n}\n.dt-icon-bg-on.shortcode-single-image-wrap.shortcode-single-image-67e38ece2fd3d8207dc801cd3126edfd .rollover-icon {\n  background: rgba(255,255,255,0.3);\n  box-shadow: none;\n}<\/style><div class=\"shortcode-single-image-wrap shortcode-single-image-67e38ece2fd3d8207dc801cd3126edfd alignnone  vc_custom_1772529201189 enable-bg-rollover dt-icon-bg-off\" ><div class=\"shortcode-single-image\"><div class=\"fancy-media-wrap\" style=\"border-radius:500px;\"><a href=\"\/services\/etudes\" class=\" layzr-bg rollover\" style=\"border-radius:500px;\" aria-label=\"Image\"><img decoding=\"async\" class=\"preload-me lazy-load aspect\" src=\"data:image\/svg+xml,%3Csvg%20xmlns%3D&#39;http%3A%2F%2Fwww.w3.org%2F2000%2Fsvg&#39;%20viewBox%3D&#39;0%200%20220%20220&#39;%2F%3E\" data-src=\"https:\/\/beca-consult.com\/wp-content\/uploads\/2026\/01\/image_y-220x220.png\" data-srcset=\"https:\/\/beca-consult.com\/wp-content\/uploads\/2026\/01\/image_y-220x220.png 220w, https:\/\/beca-consult.com\/wp-content\/uploads\/2026\/01\/image_y-440x440.png 440w\" loading=\"eager\" style=\"--ratio: 220 \/ 220\" sizes=\"(max-width: 220px) 100vw, 220px\" width=\"220\" height=\"220\"  data-dt-location=\"https:\/\/beca-consult.com\/?attachment_id=2070\" alt=\"\" \/><\/a><\/div><\/div><\/div><span id=\"creative-link-wrap-5532\" class=\"ult_main_cl ult-adjust-bottom-margin  \" >\n\t \t\t\t<span class=\"  ult_crlink\" >\n\t\t\t\t\t<a  data-ultimate-target='#creative-link-wrap-5532 .ult_colorlink'  data-responsive-json-new='{\"font-size\":\"desktop:14px;\",\"line-height\":\"desktop:12px;\"}'  href=\"\/services\/etudes\" title=\"Suivi et contr\u00f4le des travaux\"  class=\"ult_colorlink ult-responsive  vc_custom_1772528851804\" style=\"font-family:Open Sans Condensed;font-weight:700; \"  data-textcolor=\"#1f365c\" data-texthover=\"#ff9f1a\"data-style=\"\">\n\t\t\t\t\t\t\n\t\t\t\t\t\t<span data-hover=\"ETUDES\" style=\"color:#1f365c;;;\" class=\"ult_btn10_span   \">ETUDES<\/span>\n\t\t\t\t\t\t\n\t\t\t\t\t<\/a>\n\t\t\t\t<\/span>\n\t\t\t<\/span>[vc_column_text css=\u00a0\u00bb.vc_custom_1772528629834{margin-top: -40px !important;}\u00a0\u00bb]<\/p>\n<p style=\"text-align: center;\" data-start=\"1653\" data-end=\"1808\">Les \u00e9tudes constituent la premi\u00e8re \u00e9tape essentielle de tout projet d\u2019infrastructure. <strong>BECA-Consult<\/strong> r\u00e9alise des \u00e9tudes techniques compl\u00e8tes<\/p>\n<p>[\/vc_column_text][\/vc_column_inner][\/vc_row_inner][vc_row_inner][vc_column_inner]<style type=\"text\/css\" data-type=\"the7_shortcodes-inline-css\">.shortcode-single-image-wrap.shortcode-single-image-4f8d7bcaa18427d04c81fb36982ebe59.enable-bg-rollover .rollover i,\n.shortcode-single-image-wrap.shortcode-single-image-4f8d7bcaa18427d04c81fb36982ebe59.enable-bg-rollover .rollover-video i {\n  background: -webkit-linear-gradient();\n  background: linear-gradient();\n}\n.shortcode-single-image-wrap.shortcode-single-image-4f8d7bcaa18427d04c81fb36982ebe59 .rollover-icon {\n  font-size: 32px;\n  color: #ffffff;\n  min-width: 44px;\n  min-height: 44px;\n  line-height: 44px;\n  border-radius: 100px;\n  border-style: solid;\n  border-width: 0px;\n}\n.dt-icon-bg-on.shortcode-single-image-wrap.shortcode-single-image-4f8d7bcaa18427d04c81fb36982ebe59 .rollover-icon {\n  background: rgba(255,255,255,0.3);\n  box-shadow: none;\n}<\/style><div class=\"shortcode-single-image-wrap shortcode-single-image-4f8d7bcaa18427d04c81fb36982ebe59 alignnone  vc_custom_1772529225255 enable-bg-rollover dt-icon-bg-off\" ><div class=\"shortcode-single-image\"><div class=\"fancy-media-wrap\" style=\"border-radius:500px;\"><a href=\"\/services\/suivi-et-controle-des-travaux\" class=\" layzr-bg rollover\" style=\"border-radius:500px;\" aria-label=\"Image\"><img decoding=\"async\" class=\"preload-me lazy-load aspect\" src=\"data:image\/svg+xml,%3Csvg%20xmlns%3D&#39;http%3A%2F%2Fwww.w3.org%2F2000%2Fsvg&#39;%20viewBox%3D&#39;0%200%20220%20220&#39;%2F%3E\" data-src=\"https:\/\/beca-consult.com\/wp-content\/uploads\/2026\/02\/et-220x220.webp\" data-srcset=\"https:\/\/beca-consult.com\/wp-content\/uploads\/2026\/02\/et-220x220.webp 220w, https:\/\/beca-consult.com\/wp-content\/uploads\/2026\/02\/et-440x440.webp 440w\" loading=\"eager\" style=\"--ratio: 220 \/ 220\" sizes=\"(max-width: 220px) 100vw, 220px\" width=\"220\" height=\"220\"  data-dt-location=\"https:\/\/beca-consult.com\/?attachment_id=2087\" alt=\"\" \/><\/a><\/div><\/div><\/div><span id=\"creative-link-wrap-3529\" class=\"ult_main_cl ult-adjust-bottom-margin  \" >\n\t \t\t\t<span class=\"  ult_crlink\" >\n\t\t\t\t\t<a  data-ultimate-target='#creative-link-wrap-3529 .ult_colorlink'  data-responsive-json-new='{\"font-size\":\"desktop:14px;\",\"line-height\":\"desktop:12px;\"}'  href=\"\/services\/suivi-et-controle-des-travaux\" title=\"Assistance technique\"  class=\"ult_colorlink ult-responsive  vc_custom_1772528869996\" style=\"font-family:Open Sans Condensed;font-weight:700; \"  data-textcolor=\"#1f365c\" data-texthover=\"#ffb536\"data-style=\"\">\n\t\t\t\t\t\t\n\t\t\t\t\t\t<span data-hover=\"SUIVI ET CONTR\u00d4LE DES TRAVAUX\" style=\"color:#1f365c;;;\" class=\"ult_btn10_span   \">SUIVI ET CONTR\u00d4LE DES TRAVAUX<\/span>\n\t\t\t\t\t\t\n\t\t\t\t\t<\/a>\n\t\t\t\t<\/span>\n\t\t\t<\/span>[vc_column_text css=\u00a0\u00bb.vc_custom_1772528448849{margin-top: -40px !important;}\u00a0\u00bb]<\/p>\n<p style=\"text-align: center;\">Le suivi et le contr\u00f4le des travaux constituent une phase d\u00e9terminante pour garantir la qualit\u00e9, la conformit\u00e9 et la durabilit\u00e9 des ouvrages r\u00e9alis\u00e9s.<\/p>\n<p>[\/vc_column_text][\/vc_column_inner][\/vc_row_inner][vc_row_inner][vc_column_inner]<style type=\"text\/css\" data-type=\"the7_shortcodes-inline-css\">.shortcode-single-image-wrap.shortcode-single-image-eeeb11218ae97e0b2a01872aaeb0ab2e.enable-bg-rollover .rollover i,\n.shortcode-single-image-wrap.shortcode-single-image-eeeb11218ae97e0b2a01872aaeb0ab2e.enable-bg-rollover .rollover-video i {\n  background: -webkit-linear-gradient();\n  background: linear-gradient();\n}\n.shortcode-single-image-wrap.shortcode-single-image-eeeb11218ae97e0b2a01872aaeb0ab2e .rollover-icon {\n  font-size: 32px;\n  color: #ffffff;\n  min-width: 44px;\n  min-height: 44px;\n  line-height: 44px;\n  border-radius: 100px;\n  border-style: solid;\n  border-width: 0px;\n}\n.dt-icon-bg-on.shortcode-single-image-wrap.shortcode-single-image-eeeb11218ae97e0b2a01872aaeb0ab2e .rollover-icon {\n  background: rgba(255,255,255,0.3);\n  box-shadow: none;\n}<\/style><div class=\"shortcode-single-image-wrap shortcode-single-image-eeeb11218ae97e0b2a01872aaeb0ab2e alignnone  vc_custom_1772529246535 enable-bg-rollover dt-icon-bg-off\" ><div class=\"shortcode-single-image\"><div class=\"fancy-media-wrap\" style=\"border-radius:500px;\"><a href=\"\" class=\" layzr-bg rollover\" style=\"border-radius:500px;\" aria-label=\"Image\"><img decoding=\"async\" class=\"preload-me lazy-load aspect\" src=\"data:image\/svg+xml,%3Csvg%20xmlns%3D&#39;http%3A%2F%2Fwww.w3.org%2F2000%2Fsvg&#39;%20viewBox%3D&#39;0%200%20220%20220&#39;%2F%3E\" data-src=\"https:\/\/beca-consult.com\/wp-content\/uploads\/2026\/02\/imt-220x220.webp\" data-srcset=\"https:\/\/beca-consult.com\/wp-content\/uploads\/2026\/02\/imt-220x220.webp 220w, https:\/\/beca-consult.com\/wp-content\/uploads\/2026\/02\/imt-440x440.webp 440w\" loading=\"eager\" style=\"--ratio: 220 \/ 220\" sizes=\"(max-width: 220px) 100vw, 220px\" width=\"220\" height=\"220\"  data-dt-location=\"https:\/\/beca-consult.com\/?attachment_id=2088\" alt=\"\" \/><\/a><\/div><\/div><\/div><span id=\"creative-link-wrap-5934\" class=\"ult_main_cl ult-adjust-bottom-margin  \" >\n\t \t\t\t<span class=\"  ult_crlink\" >\n\t\t\t\t\t<a  data-ultimate-target='#creative-link-wrap-5934 .ult_colorlink'  data-responsive-json-new='{\"font-size\":\"desktop:14px;\",\"line-height\":\"desktop:12px;\"}'  href=\"\/services\/assistance-technique\" title=\"Audit\"  class=\"ult_colorlink ult-responsive  vc_custom_1772529007230\" style=\"font-family:Open Sans Condensed;font-weight:700; \"  data-textcolor=\"#1f365c\" data-texthover=\"#ffb536\"data-style=\"\">\n\t\t\t\t\t\t\n\t\t\t\t\t\t<span data-hover=\"ASSISTANCE TECHNIQUE\" style=\"color:#1f365c;;;\" class=\"ult_btn10_span   \">ASSISTANCE TECHNIQUE<\/span>\n\t\t\t\t\t\t\n\t\t\t\t\t<\/a>\n\t\t\t\t<\/span>\n\t\t\t<\/span>[vc_column_text css=\u00a0\u00bb.vc_custom_1772528352373{margin-top: -40px !important;}\u00a0\u00bb]<\/p>\n<p style=\"text-align: center;\" data-start=\"3602\" data-end=\"3721\">L\u2019assistance technique vise \u00e0 accompagner les entreprises, ma\u00eetres d\u2019ouvrage et institutions dans l\u2019organisation technique et op\u00e9rationnelle de leurs projets d\u2019infrastructures.<\/p>\n<p>[\/vc_column_text][\/vc_column_inner][\/vc_row_inner][vc_row_inner][vc_column_inner]<style type=\"text\/css\" data-type=\"the7_shortcodes-inline-css\">.shortcode-single-image-wrap.shortcode-single-image-5667cd4d186ae404e9419bfa3493370b.enable-bg-rollover .rollover i,\n.shortcode-single-image-wrap.shortcode-single-image-5667cd4d186ae404e9419bfa3493370b.enable-bg-rollover .rollover-video i {\n  background: -webkit-linear-gradient();\n  background: linear-gradient();\n}\n.shortcode-single-image-wrap.shortcode-single-image-5667cd4d186ae404e9419bfa3493370b .rollover-icon {\n  font-size: 32px;\n  color: #ffffff;\n  min-width: 44px;\n  min-height: 44px;\n  line-height: 44px;\n  border-radius: 100px;\n  border-style: solid;\n  border-width: 0px;\n}\n.dt-icon-bg-on.shortcode-single-image-wrap.shortcode-single-image-5667cd4d186ae404e9419bfa3493370b .rollover-icon {\n  background: rgba(255,255,255,0.3);\n  box-shadow: none;\n}<\/style><div class=\"shortcode-single-image-wrap shortcode-single-image-5667cd4d186ae404e9419bfa3493370b alignnone  vc_custom_1772529351998 enable-bg-rollover dt-icon-bg-off\" ><div class=\"shortcode-single-image\"><div class=\"fancy-media-wrap\" style=\"border-radius:500px;\"><a href=\"\/services\/audit\" class=\" layzr-bg rollover\" style=\"border-radius:500px;\" aria-label=\"Image\"><img decoding=\"async\" class=\"preload-me lazy-load aspect\" src=\"data:image\/svg+xml,%3Csvg%20xmlns%3D&#39;http%3A%2F%2Fwww.w3.org%2F2000%2Fsvg&#39;%20viewBox%3D&#39;0%200%20220%20220&#39;%2F%3E\" data-src=\"https:\/\/beca-consult.com\/wp-content\/uploads\/2026\/01\/chantier-220x220.png\" data-srcset=\"https:\/\/beca-consult.com\/wp-content\/uploads\/2026\/01\/chantier-220x220.png 220w, https:\/\/beca-consult.com\/wp-content\/uploads\/2026\/01\/chantier-440x440.png 440w\" loading=\"eager\" style=\"--ratio: 220 \/ 220\" sizes=\"(max-width: 220px) 100vw, 220px\" width=\"220\" height=\"220\"  data-dt-location=\"https:\/\/beca-consult.com\/?attachment_id=2073\" alt=\"\" \/><\/a><\/div><\/div><\/div><span id=\"creative-link-wrap-9544\" class=\"ult_main_cl ult-adjust-bottom-margin  \" >\n\t \t\t\t<span class=\"  ult_crlink\" >\n\t\t\t\t\t<a  data-ultimate-target='#creative-link-wrap-9544 .ult_colorlink'  data-responsive-json-new='{\"font-size\":\"desktop:14px;\",\"line-height\":\"desktop:12px;\"}'  href=\"\/services\/audit\" title=\"Audit\"  class=\"ult_colorlink ult-responsive  vc_custom_1772528991322\" style=\"font-family:Open Sans Condensed;font-weight:700; \"  data-textcolor=\"#1f365c\" data-texthover=\"#ffb536\"data-style=\"\">\n\t\t\t\t\t\t\n\t\t\t\t\t\t<span data-hover=\"AUDIT\" style=\"color:#1f365c;;;\" class=\"ult_btn10_span   \">AUDIT<\/span>\n\t\t\t\t\t\t\n\t\t\t\t\t<\/a>\n\t\t\t\t<\/span>\n\t\t\t<\/span>[vc_column_text css=\u00a0\u00bb.vc_custom_1772528328849{margin-top: -40px !important;}\u00a0\u00bb]<\/p>\n<p style=\"text-align: center;\">Les audits r\u00e9alis\u00e9s par <strong>BECA-Consult<\/strong> permettent d\u2019\u00e9valuer de mani\u00e8re ind\u00e9pendante la qualit\u00e9 technique, l\u2019organisation et la performance des projets et infrastructures.<\/p>\n<p>[\/vc_column_text][\/vc_column_inner][\/vc_row_inner]<\/div>[\/vc_column][\/vc_row]<\/p>\n<\/div>","protected":false},"excerpt":{"rendered":"<p>[vc_row type=\u00a0\u00bbvc_default\u00a0\u00bb margin_top=\u00a0\u00bb60&Prime; margin_bottom=\u00a0\u00bb-40&Prime; css=\u00a0\u00bb.vc_custom_1770803712422{padding-top: 20px !important;padding-bottom: 30px !important;}\u00a0\u00bb][vc_column css=\u00a0\u00bb.vc_custom_1770803776908{padding-bottom: 20px !important;}\u00a0\u00bb][\/vc_column][vc_column][\/vc_column][\/vc_row]<\/p>\n","protected":false},"author":1,"featured_media":0,"parent":0,"menu_order":300,"comment_status":"closed","ping_status":"closed","template":"","meta":{"footnotes":""},"class_list":["post-7","page","type-page","status-publish","hentry","description-off"],"yoast_head":"<!-- This site is optimized with the Yoast SEO plugin v27.5 - https:\/\/yoast.com\/product\/yoast-seo-wordpress\/ -->\n<title>Services - Beca Consult<\/title>\n<meta name=\"description\" content=\"les services offerts par BECA Bureau d\u2019\u00c9tudes, de Contr\u00f4le et d\u2019Assistance (BECA-Consult) est un cabinet de g\u00e9nie-conseil\" \/>\n<meta name=\"robots\" content=\"index, follow, max-snippet:-1, max-image-preview:large, max-video-preview:-1\" \/>\n<link rel=\"canonical\" href=\"https:\/\/beca-consult.com\/?page_id=7\" \/>\n<meta property=\"og:locale\" content=\"fr_FR\" \/>\n<meta property=\"og:type\" content=\"article\" \/>\n<meta property=\"og:title\" content=\"Services - Beca Consult\" \/>\n<meta property=\"og:description\" content=\"les services offerts par BECA Bureau d\u2019\u00c9tudes, de Contr\u00f4le et d\u2019Assistance (BECA-Consult) est un cabinet de g\u00e9nie-conseil\" \/>\n<meta property=\"og:url\" content=\"https:\/\/beca-consult.com\/?page_id=7\" \/>\n<meta property=\"og:site_name\" content=\"Beca Consult\" \/>\n<meta property=\"article:modified_time\" content=\"2026-05-07T15:53:55+00:00\" \/>\n<meta name=\"twitter:card\" content=\"summary_large_image\" \/>\n<meta name=\"twitter:label1\" content=\"Dur\u00e9e de lecture estim\u00e9e\" \/>\n\t<meta name=\"twitter:data1\" content=\"2 minutes\" \/>\n<script type=\"application\/ld+json\" class=\"yoast-schema-graph\">{\"@context\":\"https:\\\/\\\/schema.org\",\"@graph\":[{\"@type\":\"WebPage\",\"@id\":\"https:\\\/\\\/beca-consult.com\\\/?page_id=7\",\"url\":\"https:\\\/\\\/beca-consult.com\\\/?page_id=7\",\"name\":\"Services - Beca Consult\",\"isPartOf\":{\"@id\":\"https:\\\/\\\/beca-consult.com\\\/#website\"},\"datePublished\":\"2016-01-29T10:13:23+00:00\",\"dateModified\":\"2026-05-07T15:53:55+00:00\",\"description\":\"les services offerts par BECA Bureau d\u2019\u00c9tudes, de Contr\u00f4le et d\u2019Assistance (BECA-Consult) est un cabinet de g\u00e9nie-conseil\",\"breadcrumb\":{\"@id\":\"https:\\\/\\\/beca-consult.com\\\/?page_id=7#breadcrumb\"},\"inLanguage\":\"fr-FR\",\"potentialAction\":[{\"@type\":\"ReadAction\",\"target\":[\"https:\\\/\\\/beca-consult.com\\\/?page_id=7\"]}]},{\"@type\":\"BreadcrumbList\",\"@id\":\"https:\\\/\\\/beca-consult.com\\\/?page_id=7#breadcrumb\",\"itemListElement\":[{\"@type\":\"ListItem\",\"position\":1,\"name\":\"Accueil\",\"item\":\"https:\\\/\\\/beca-consult.com\\\/\"},{\"@type\":\"ListItem\",\"position\":2,\"name\":\"Services\"}]},{\"@type\":\"WebSite\",\"@id\":\"https:\\\/\\\/beca-consult.com\\\/#website\",\"url\":\"https:\\\/\\\/beca-consult.com\\\/\",\"name\":\"Beca Consult\",\"description\":\"\",\"publisher\":{\"@id\":\"https:\\\/\\\/beca-consult.com\\\/#organization\"},\"potentialAction\":[{\"@type\":\"SearchAction\",\"target\":{\"@type\":\"EntryPoint\",\"urlTemplate\":\"https:\\\/\\\/beca-consult.com\\\/?s={search_term_string}\"},\"query-input\":{\"@type\":\"PropertyValueSpecification\",\"valueRequired\":true,\"valueName\":\"search_term_string\"}}],\"inLanguage\":\"fr-FR\"},{\"@type\":\"Organization\",\"@id\":\"https:\\\/\\\/beca-consult.com\\\/#organization\",\"name\":\"Beca Consult\",\"url\":\"https:\\\/\\\/beca-consult.com\\\/\",\"logo\":{\"@type\":\"ImageObject\",\"inLanguage\":\"fr-FR\",\"@id\":\"https:\\\/\\\/beca-consult.com\\\/#\\\/schema\\\/logo\\\/image\\\/\",\"url\":\"https:\\\/\\\/beca-consult.com\\\/wp-content\\\/uploads\\\/2026\\\/05\\\/logo_beca_c-scaled.png\",\"contentUrl\":\"https:\\\/\\\/beca-consult.com\\\/wp-content\\\/uploads\\\/2026\\\/05\\\/logo_beca_c-scaled.png\",\"width\":2560,\"height\":314,\"caption\":\"Beca Consult\"},\"image\":{\"@id\":\"https:\\\/\\\/beca-consult.com\\\/#\\\/schema\\\/logo\\\/image\\\/\"},\"sameAs\":[\"https:\\\/\\\/www.linkedin.com\\\/company\\\/beca-consult\\\/\"]}]}<\/script>\n<!-- \/ Yoast SEO plugin. -->","yoast_head_json":{"title":"Services - Beca Consult","description":"les services offerts par BECA Bureau d\u2019\u00c9tudes, de Contr\u00f4le et d\u2019Assistance (BECA-Consult) est un cabinet de g\u00e9nie-conseil","robots":{"index":"index","follow":"follow","max-snippet":"max-snippet:-1","max-image-preview":"max-image-preview:large","max-video-preview":"max-video-preview:-1"},"canonical":"https:\/\/beca-consult.com\/?page_id=7","og_locale":"fr_FR","og_type":"article","og_title":"Services - Beca Consult","og_description":"les services offerts par BECA Bureau d\u2019\u00c9tudes, de Contr\u00f4le et d\u2019Assistance (BECA-Consult) est un cabinet de g\u00e9nie-conseil","og_url":"https:\/\/beca-consult.com\/?page_id=7","og_site_name":"Beca Consult","article_modified_time":"2026-05-07T15:53:55+00:00","twitter_card":"summary_large_image","twitter_misc":{"Dur\u00e9e de lecture estim\u00e9e":"2 minutes"},"schema":{"@context":"https:\/\/schema.org","@graph":[{"@type":"WebPage","@id":"https:\/\/beca-consult.com\/?page_id=7","url":"https:\/\/beca-consult.com\/?page_id=7","name":"Services - Beca Consult","isPartOf":{"@id":"https:\/\/beca-consult.com\/#website"},"datePublished":"2016-01-29T10:13:23+00:00","dateModified":"2026-05-07T15:53:55+00:00","description":"les services offerts par BECA Bureau d\u2019\u00c9tudes, de Contr\u00f4le et d\u2019Assistance (BECA-Consult) est un cabinet de g\u00e9nie-conseil","breadcrumb":{"@id":"https:\/\/beca-consult.com\/?page_id=7#breadcrumb"},"inLanguage":"fr-FR","potentialAction":[{"@type":"ReadAction","target":["https:\/\/beca-consult.com\/?page_id=7"]}]},{"@type":"BreadcrumbList","@id":"https:\/\/beca-consult.com\/?page_id=7#breadcrumb","itemListElement":[{"@type":"ListItem","position":1,"name":"Accueil","item":"https:\/\/beca-consult.com\/"},{"@type":"ListItem","position":2,"name":"Services"}]},{"@type":"WebSite","@id":"https:\/\/beca-consult.com\/#website","url":"https:\/\/beca-consult.com\/","name":"Beca Consult","description":"","publisher":{"@id":"https:\/\/beca-consult.com\/#organization"},"potentialAction":[{"@type":"SearchAction","target":{"@type":"EntryPoint","urlTemplate":"https:\/\/beca-consult.com\/?s={search_term_string}"},"query-input":{"@type":"PropertyValueSpecification","valueRequired":true,"valueName":"search_term_string"}}],"inLanguage":"fr-FR"},{"@type":"Organization","@id":"https:\/\/beca-consult.com\/#organization","name":"Beca Consult","url":"https:\/\/beca-consult.com\/","logo":{"@type":"ImageObject","inLanguage":"fr-FR","@id":"https:\/\/beca-consult.com\/#\/schema\/logo\/image\/","url":"https:\/\/beca-consult.com\/wp-content\/uploads\/2026\/05\/logo_beca_c-scaled.png","contentUrl":"https:\/\/beca-consult.com\/wp-content\/uploads\/2026\/05\/logo_beca_c-scaled.png","width":2560,"height":314,"caption":"Beca Consult"},"image":{"@id":"https:\/\/beca-consult.com\/#\/schema\/logo\/image\/"},"sameAs":["https:\/\/www.linkedin.com\/company\/beca-consult\/"]}]}},"_links":{"self":[{"href":"https:\/\/beca-consult.com\/index.php?rest_route=\/wp\/v2\/pages\/7","targetHints":{"allow":["GET"]}}],"collection":[{"href":"https:\/\/beca-consult.com\/index.php?rest_route=\/wp\/v2\/pages"}],"about":[{"href":"https:\/\/beca-consult.com\/index.php?rest_route=\/wp\/v2\/types\/page"}],"author":[{"embeddable":true,"href":"https:\/\/beca-consult.com\/index.php?rest_route=\/wp\/v2\/users\/1"}],"replies":[{"embeddable":true,"href":"https:\/\/beca-consult.com\/index.php?rest_route=%2Fwp%2Fv2%2Fcomments&post=7"}],"version-history":[{"count":7,"href":"https:\/\/beca-consult.com\/index.php?rest_route=\/wp\/v2\/pages\/7\/revisions"}],"predecessor-version":[{"id":2325,"href":"https:\/\/beca-consult.com\/index.php?rest_route=\/wp\/v2\/pages\/7\/revisions\/2325"}],"wp:attachment":[{"href":"https:\/\/beca-consult.com\/index.php?rest_route=%2Fwp%2Fv2%2Fmedia&parent=7"}],"curies":[{"name":"wp","href":"https:\/\/api.w.org\/{rel}","templated":true}]}}