{"id":408,"date":"2016-01-30T21:56:24","date_gmt":"2016-01-30T21:56:24","guid":{"rendered":"http:\/\/beca-consulting.test\/index.php\/services\/service-inner\/"},"modified":"2026-03-03T10:42:14","modified_gmt":"2026-03-03T09:42:14","slug":"etudes","status":"publish","type":"page","link":"https:\/\/beca-consult.com\/?page_id=408","title":{"rendered":"Etudes"},"content":{"rendered":"<div class=\"wpb-content-wrapper\"><p>[vc_row type=\u00a0\u00bbvc_default\u00a0\u00bb][vc_column css=\u00a0\u00bb.vc_custom_1498229431694{padding-bottom: 50px !important;}\u00a0\u00bb]<div id=\"ultimate-heading-19646a044d1ae0cd4\" class=\"uvc-heading ult-adjust-bottom-margin ultimate-heading-19646a044d1ae0cd4 uvc-730 \" data-hspacer=\"no_spacer\"  data-halign=\"left\" style=\"text-align:left\"><div class=\"uvc-heading-spacer no_spacer\" style=\"top\"><\/div><div class=\"uvc-main-heading ult-responsive\"  data-ultimate-target='.uvc-heading.ultimate-heading-19646a044d1ae0cd4 h2'  data-responsive-json-new='{\"font-size\":\"desktop:26px;\",\"line-height\":\"desktop:32px;\"}' ><h2 style=\"font-weight:bold;margin-bottom:20px;\">ETUDES<\/h2><\/div><\/div>[vc_column_text css=\u00a0\u00bb\u00a0\u00bb]Les \u00e9tudes constituent la premi\u00e8re \u00e9tape essentielle de tout projet d\u2019infrastructure. <strong>BECA-Consult<\/strong> r\u00e9alise des \u00e9tudes techniques compl\u00e8tes, depuis la collecte des donn\u00e9es terrain jusqu\u2019\u00e0 la pr\u00e9paration des dossiers d\u2019appel d\u2019offres, afin de garantir la faisabilit\u00e9 technique, la conformit\u00e9 normative et l\u2019optimisation \u00e9conomique des projets.<\/p>\n<p>Notre approche repose sur une analyse rigoureuse du terrain, la ma\u00eetrise des normes techniques et une parfaite connaissance des contraintes locales, permettant d\u2019apporter aux ma\u00eetres d\u2019ouvrage des solutions fiables, durables et adapt\u00e9es aux contextes des projets.[\/vc_column_text][\/vc_column][vc_column css=\u00a0\u00bb.vc_custom_1498229445232{padding-bottom: 50px !important;}\u00a0\u00bb]<div class=\"smile_icon_list_wrap ult_info_list_container ult-adjust-bottom-margin   vc_custom_1498230419199\"><ul class=\"smile_icon_list left hexagon\"><li class=\"icon_list_item\" style=\" font-size:60px;\"><div class=\"icon_list_icon\" data-animation=\"\" data-animation-delay=\"03\" style=\"font-size:20px;background:#ffb536;color:#ffffff;border-color:#ffb536;\"><i class=\"icomoon-icomoonfree-16x16-checkmark2\" ><\/i><\/div><div class=\"icon_description\" id=\"Info-list-wrap-9001\" style=\"font-size:20px;\"><h3 class=\"ult-responsive info-list-heading\"  data-ultimate-target='#Info-list-wrap-9001 h3'  data-responsive-json-new='{\"font-size\":\"desktop:16px;\",\"line-height\":\"desktop:22px;\"}'  style=\"font-family:&#039;Open Sans Condensed&#039;;font-weight:700;\">1. Lev\u00e9s topographiques et collecte des donn\u00e9es terrain<\/h3><div class=\"icon_description_text ult-responsive\"  data-ultimate-target='#Info-list-wrap-9001 .icon_description_text'  data-responsive-json-new='{\"font-size\":\"desktop:12px;\",\"line-height\":\"desktop:20px;\"}'  style=\"\"><p>R\u00e9alisation des lev\u00e9s topographiques, reconnaissance du site et analyse des contraintes physiques, r\u00e9glementaires et environnementales n\u00e9cessaires \u00e0 la pr\u00e9paration des \u00e9tudes.<\/p>\n<\/div><\/div><div class=\"icon_list_connector\"  style=\"border-right-width: 1px;border-right-style: dashed;border-color: #ffb536;\"><\/div><\/li><li class=\"icon_list_item\" style=\" font-size:60px;\"><div class=\"icon_list_icon\" data-animation=\"\" data-animation-delay=\"03\" style=\"font-size:20px;background:#ffb536;color:#ffffff;border-color:#ffb536;\"><i class=\"icomoon-icomoonfree-16x16-checkmark2\" ><\/i><\/div><div class=\"icon_description\" id=\"Info-list-wrap-4866\" style=\"font-size:20px;\"><h3 class=\"ult-responsive info-list-heading\"  data-ultimate-target='#Info-list-wrap-4866 h3'  data-responsive-json-new='{\"font-size\":\"desktop:16px;\",\"line-height\":\"desktop:22px;\"}'  style=\"font-family:&#039;Open Sans Condensed&#039;;font-weight:700;\">2. \u00c9tudes pr\u00e9liminaires et de faisabilit\u00e9<\/h3><div class=\"icon_description_text ult-responsive\"  data-ultimate-target='#Info-list-wrap-4866 .icon_description_text'  data-responsive-json-new='{\"font-size\":\"desktop:12px;\",\"line-height\":\"desktop:20px;\"}'  style=\"\"><p>Analyse des besoins, comparaison des variantes techniques et d\u00e9finition des solutions optimales sur les plans technique, \u00e9conomique et op\u00e9rationnel.<\/p>\n<\/div><\/div><div class=\"icon_list_connector\"  style=\"border-right-width: 1px;border-right-style: dashed;border-color: #ffb536;\"><\/div><\/li><li class=\"icon_list_item\" style=\" font-size:60px;\"><div class=\"icon_list_icon\" data-animation=\"\" data-animation-delay=\"03\" style=\"font-size:20px;background:#ffb536;color:#ffffff;border-color:#ffb536;\"><i class=\"icomoon-icomoonfree-16x16-checkmark2\" ><\/i><\/div><div class=\"icon_description\" id=\"Info-list-wrap-9111\" style=\"font-size:20px;\"><h3 class=\"ult-responsive info-list-heading\"  data-ultimate-target='#Info-list-wrap-9111 h3'  data-responsive-json-new='{\"font-size\":\"desktop:16px;\",\"line-height\":\"desktop:22px;\"}'  style=\"font-family:&#039;Open Sans Condensed&#039;;font-weight:700;\">3. Analyse des contraintes et recommandations techniques<\/h3><div class=\"icon_description_text ult-responsive\"  data-ultimate-target='#Info-list-wrap-9111 .icon_description_text'  data-responsive-json-new='{\"font-size\":\"desktop:12px;\",\"line-height\":\"desktop:20px;\"}'  style=\"\"><p>Identification des risques li\u00e9s au terrain, aux mat\u00e9riaux, aux conditions hydrologiques ou d\u2019exploitation, avec formulation de recommandations techniques adapt\u00e9es.<\/p>\n<\/div><\/div><div class=\"icon_list_connector\"  style=\"border-right-width: 1px;border-right-style: dashed;border-color: #ffb536;\"><\/div><\/li><li class=\"icon_list_item\" style=\" font-size:60px;\"><div class=\"icon_list_icon\" data-animation=\"\" data-animation-delay=\"03\" style=\"font-size:20px;background:#ffb536;color:#ffffff;border-color:#ffb536;\"><i class=\"icomoon-icomoonfree-16x16-checkmark2\" ><\/i><\/div><div class=\"icon_description\" id=\"Info-list-wrap-5905\" style=\"font-size:20px;\"><h3 class=\"ult-responsive info-list-heading\"  data-ultimate-target='#Info-list-wrap-5905 h3'  data-responsive-json-new='{\"font-size\":\"desktop:16px;\",\"line-height\":\"desktop:22px;\"}'  style=\"font-family:&#039;Open Sans Condensed&#039;;font-weight:700;\">4.\u00c9tudes techniques d\u00e9taill\u00e9es et dimensionnement<\/h3><div class=\"icon_description_text ult-responsive\"  data-ultimate-target='#Info-list-wrap-5905 .icon_description_text'  data-responsive-json-new='{\"font-size\":\"desktop:12px;\",\"line-height\":\"desktop:20px;\"}'  style=\"\"><p>\u00c9laboration des notes de calcul, dimensionnement des ouvrages, d\u00e9finition des caract\u00e9ristiques techniques et production des plans conformes aux normes applicables.<\/p>\n<\/div><\/div><div class=\"icon_list_connector\"  style=\"border-right-width: 1px;border-right-style: dashed;border-color: #ffb536;\"><\/div><\/li><li class=\"icon_list_item\" style=\" font-size:60px;\"><div class=\"icon_list_icon\" data-animation=\"\" data-animation-delay=\"03\" style=\"font-size:20px;background:#ffb536;color:#ffffff;border-color:#ffb536;\"><i class=\"icomoon-icomoonfree-16x16-star-full\" ><\/i><\/div><div class=\"icon_description\" id=\"Info-list-wrap-3752\" style=\"font-size:20px;\"><h3 class=\"ult-responsive info-list-heading\"  data-ultimate-target='#Info-list-wrap-3752 h3'  data-responsive-json-new='{\"font-size\":\"desktop:16px;\",\"line-height\":\"desktop:22px;\"}'  style=\"font-family:&#039;Open Sans Condensed&#039;;font-weight:700;\">5. \u00c9tudes environnementales et sociales<\/h3><div class=\"icon_description_text ult-responsive\"  data-ultimate-target='#Info-list-wrap-3752 .icon_description_text'  data-responsive-json-new='{\"font-size\":\"desktop:12px;\",\"line-height\":\"desktop:20px;\"}'  style=\"\"><p>\u00c9valuation des impacts environnementaux et sociaux du projet et int\u00e9gration des mesures d\u2019att\u00e9nuation n\u00e9cessaires au respect des exigences r\u00e9glementaires.<\/p>\n<\/div><\/div><div class=\"icon_list_connector\"  style=\"border-right-width: 1px;border-right-style: dashed;border-color: #ffb536;\"><\/div><\/li><li class=\"icon_list_item\" style=\" font-size:60px;\"><div class=\"icon_list_icon\" data-animation=\"\" data-animation-delay=\"03\" style=\"font-size:20px;background:#ffb536;color:#ffffff;border-color:#ffb536;\"><i class=\"icomoon-icomoonfree-16x16-checkmark2\" ><\/i><\/div><div class=\"icon_description\" id=\"Info-list-wrap-8551\" style=\"font-size:20px;\"><h3 class=\"ult-responsive info-list-heading\"  data-ultimate-target='#Info-list-wrap-8551 h3'  data-responsive-json-new='{\"font-size\":\"desktop:16px;\",\"line-height\":\"desktop:22px;\"}'  style=\"font-family:&#039;Open Sans Condensed&#039;;font-weight:700;\">6. Estimation des co\u00fbts et planification technique<\/h3><div class=\"icon_description_text ult-responsive\"  data-ultimate-target='#Info-list-wrap-8551 .icon_description_text'  data-responsive-json-new='{\"font-size\":\"desktop:12px;\",\"line-height\":\"desktop:20px;\"}'  style=\"\"><p>\u00c9tablissement des m\u00e9tr\u00e9s, estimation des co\u00fbts pr\u00e9visionnels et assistance \u00e0 la programmation technique et financi\u00e8re des travaux.<\/p>\n<\/div><\/div><div class=\"icon_list_connector\"  style=\"border-right-width: 1px;border-right-style: dashed;border-color: #ffb536;\"><\/div><\/li><li class=\"icon_list_item\" style=\" font-size:60px;\"><div class=\"icon_list_icon\" data-animation=\"\" data-animation-delay=\"03\" style=\"font-size:20px;background:#ffb536;color:#ffffff;border-color:#ffb536;\"><i class=\"icomoon-icomoonfree-16x16-checkmark2\" ><\/i><\/div><div class=\"icon_description\" id=\"Info-list-wrap-6724\" style=\"font-size:20px;\"><h3 class=\"ult-responsive info-list-heading\"  data-ultimate-target='#Info-list-wrap-6724 h3'  data-responsive-json-new='{\"font-size\":\"desktop:16px;\",\"line-height\":\"desktop:22px;\"}'  style=\"font-family:&#039;Open Sans Condensed&#039;;font-weight:700;\">7. Conseils pour la planification et l\u2019optimisation des co\u00fbts<\/h3><div class=\"icon_description_text ult-responsive\"  data-ultimate-target='#Info-list-wrap-6724 .icon_description_text'  data-responsive-json-new='{\"font-size\":\"desktop:12px;\",\"line-height\":\"desktop:20px;\"}'  style=\"\"><p data-start=\"1327\" data-end=\"1527\">Nous accompagnons nos clients dans la pr\u00e9paration et la budg\u00e9tisation des projets. Cela permet de ma\u00eetriser les d\u00e9penses tout en garantissant la qualit\u00e9.<\/p>\n<\/div><\/div><div class=\"icon_list_connector\"  style=\"border-right-width: 1px;border-right-style: dashed;border-color: #ffb536;\"><\/div><\/li><li class=\"icon_list_item\" style=\" font-size:60px;\"><div class=\"icon_list_icon\" data-animation=\"\" data-animation-delay=\"03\" style=\"font-size:20px;background:#ffb536;color:#ffffff;border-color:#ffb536;\"><i class=\"icomoon-icomoonfree-16x16-checkmark2\" ><\/i><\/div><div class=\"icon_description\" id=\"Info-list-wrap-8050\" style=\"font-size:20px;\"><h3 class=\"ult-responsive info-list-heading\"  data-ultimate-target='#Info-list-wrap-8050 h3'  data-responsive-json-new='{\"font-size\":\"desktop:16px;\",\"line-height\":\"desktop:22px;\"}'  style=\"font-family:&#039;Open Sans Condensed&#039;;font-weight:700;\">8. Pr\u00e9paration des dossiers d\u2019appel d\u2019offres<\/h3><div class=\"icon_description_text ult-responsive\"  data-ultimate-target='#Info-list-wrap-8050 .icon_description_text'  data-responsive-json-new='{\"font-size\":\"desktop:12px;\",\"line-height\":\"desktop:20px;\"}'  style=\"\"><p>\u00c9laboration des pi\u00e8ces techniques et administratives, sp\u00e9cifications, bordereaux de prix et documents contractuels destin\u00e9s \u00e0 la consultation des entreprises et au lancement des travaux.<\/p>\n<\/div><\/div><div class=\"icon_list_connector\"  style=\"border-right-width: 1px;border-right-style: dashed;border-color: #ffb536;\"><\/div><\/li><\/ul><\/div>[\/vc_column][\/vc_row]<\/p>\n<\/div>","protected":false},"excerpt":{"rendered":"<p>[vc_row type=\u00a0\u00bbvc_default\u00a0\u00bb][vc_column css=\u00a0\u00bb.vc_custom_1498229431694{padding-bottom: 50px !important;}\u00a0\u00bb][vc_column_text css=\u00a0\u00bb\u00a0\u00bb]Les \u00e9tudes constituent la premi\u00e8re \u00e9tape essentielle de tout projet d\u2019infrastructure. BECA-Consult r\u00e9alise des \u00e9tudes techniques compl\u00e8tes, depuis la collecte des donn\u00e9es terrain jusqu\u2019\u00e0 la pr\u00e9paration des dossiers d\u2019appel d\u2019offres, afin de garantir la faisabilit\u00e9 technique, la conformit\u00e9 normative et l\u2019optimisation \u00e9conomique des projets. Notre approche repose sur une analyse&hellip;<\/p>\n","protected":false},"author":1,"featured_media":0,"parent":7,"menu_order":100,"comment_status":"closed","ping_status":"closed","template":"","meta":{"footnotes":""},"class_list":["post-408","page","type-page","status-publish","hentry","description-off"],"yoast_head":"<!-- This site is optimized with the Yoast SEO plugin v27.5 - https:\/\/yoast.com\/product\/yoast-seo-wordpress\/ -->\n<title>Etudes - Beca Consult<\/title>\n<meta name=\"robots\" content=\"index, follow, max-snippet:-1, max-image-preview:large, max-video-preview:-1\" \/>\n<link rel=\"canonical\" href=\"https:\/\/beca-consult.com\/?page_id=408\" \/>\n<meta property=\"og:locale\" content=\"fr_FR\" \/>\n<meta property=\"og:type\" content=\"article\" \/>\n<meta property=\"og:title\" content=\"Etudes - Beca Consult\" \/>\n<meta property=\"og:description\" content=\"[vc_row type=\u00a0\u00bbvc_default\u00a0\u00bb][vc_column css=\u00a0\u00bb.vc_custom_1498229431694{padding-bottom: 50px !important;}\u00a0\u00bb][vc_column_text css=\u00a0\u00bb\u00a0\u00bb]Les \u00e9tudes constituent la premi\u00e8re \u00e9tape essentielle de tout projet d\u2019infrastructure. BECA-Consult r\u00e9alise des \u00e9tudes techniques compl\u00e8tes, depuis la collecte des donn\u00e9es terrain jusqu\u2019\u00e0 la pr\u00e9paration des dossiers d\u2019appel d\u2019offres, afin de garantir la faisabilit\u00e9 technique, la conformit\u00e9 normative et l\u2019optimisation \u00e9conomique des projets. Notre approche repose sur une analyse&hellip;\" \/>\n<meta property=\"og:url\" content=\"https:\/\/beca-consult.com\/?page_id=408\" \/>\n<meta property=\"og:site_name\" content=\"Beca Consult\" \/>\n<meta property=\"article:modified_time\" content=\"2026-03-03T09:42:14+00:00\" \/>\n<meta name=\"twitter:card\" content=\"summary_large_image\" \/>\n<meta name=\"twitter:label1\" content=\"Dur\u00e9e de lecture estim\u00e9e\" \/>\n\t<meta name=\"twitter:data1\" content=\"4 minutes\" \/>\n<script type=\"application\/ld+json\" class=\"yoast-schema-graph\">{\"@context\":\"https:\\\/\\\/schema.org\",\"@graph\":[{\"@type\":\"WebPage\",\"@id\":\"https:\\\/\\\/beca-consult.com\\\/?page_id=408\",\"url\":\"https:\\\/\\\/beca-consult.com\\\/?page_id=408\",\"name\":\"Etudes - Beca Consult\",\"isPartOf\":{\"@id\":\"https:\\\/\\\/beca-consult.com\\\/#website\"},\"datePublished\":\"2016-01-30T21:56:24+00:00\",\"dateModified\":\"2026-03-03T09:42:14+00:00\",\"breadcrumb\":{\"@id\":\"https:\\\/\\\/beca-consult.com\\\/?page_id=408#breadcrumb\"},\"inLanguage\":\"fr-FR\",\"potentialAction\":[{\"@type\":\"ReadAction\",\"target\":[\"https:\\\/\\\/beca-consult.com\\\/?page_id=408\"]}]},{\"@type\":\"BreadcrumbList\",\"@id\":\"https:\\\/\\\/beca-consult.com\\\/?page_id=408#breadcrumb\",\"itemListElement\":[{\"@type\":\"ListItem\",\"position\":1,\"name\":\"Accueil\",\"item\":\"https:\\\/\\\/beca-consult.com\\\/\"},{\"@type\":\"ListItem\",\"position\":2,\"name\":\"Services\",\"item\":\"https:\\\/\\\/beca-consult.com\\\/?page_id=7\"},{\"@type\":\"ListItem\",\"position\":3,\"name\":\"Etudes\"}]},{\"@type\":\"WebSite\",\"@id\":\"https:\\\/\\\/beca-consult.com\\\/#website\",\"url\":\"https:\\\/\\\/beca-consult.com\\\/\",\"name\":\"Beca Consult\",\"description\":\"\",\"publisher\":{\"@id\":\"https:\\\/\\\/beca-consult.com\\\/#organization\"},\"potentialAction\":[{\"@type\":\"SearchAction\",\"target\":{\"@type\":\"EntryPoint\",\"urlTemplate\":\"https:\\\/\\\/beca-consult.com\\\/?s={search_term_string}\"},\"query-input\":{\"@type\":\"PropertyValueSpecification\",\"valueRequired\":true,\"valueName\":\"search_term_string\"}}],\"inLanguage\":\"fr-FR\"},{\"@type\":\"Organization\",\"@id\":\"https:\\\/\\\/beca-consult.com\\\/#organization\",\"name\":\"Beca Consult\",\"url\":\"https:\\\/\\\/beca-consult.com\\\/\",\"logo\":{\"@type\":\"ImageObject\",\"inLanguage\":\"fr-FR\",\"@id\":\"https:\\\/\\\/beca-consult.com\\\/#\\\/schema\\\/logo\\\/image\\\/\",\"url\":\"https:\\\/\\\/beca-consult.com\\\/wp-content\\\/uploads\\\/2026\\\/05\\\/logo_beca_c-scaled.png\",\"contentUrl\":\"https:\\\/\\\/beca-consult.com\\\/wp-content\\\/uploads\\\/2026\\\/05\\\/logo_beca_c-scaled.png\",\"width\":2560,\"height\":314,\"caption\":\"Beca Consult\"},\"image\":{\"@id\":\"https:\\\/\\\/beca-consult.com\\\/#\\\/schema\\\/logo\\\/image\\\/\"},\"sameAs\":[\"https:\\\/\\\/www.linkedin.com\\\/company\\\/beca-consult\\\/\"]}]}<\/script>\n<!-- \/ Yoast SEO plugin. -->","yoast_head_json":{"title":"Etudes - Beca Consult","robots":{"index":"index","follow":"follow","max-snippet":"max-snippet:-1","max-image-preview":"max-image-preview:large","max-video-preview":"max-video-preview:-1"},"canonical":"https:\/\/beca-consult.com\/?page_id=408","og_locale":"fr_FR","og_type":"article","og_title":"Etudes - Beca Consult","og_description":"[vc_row type=\u00a0\u00bbvc_default\u00a0\u00bb][vc_column css=\u00a0\u00bb.vc_custom_1498229431694{padding-bottom: 50px !important;}\u00a0\u00bb][vc_column_text css=\u00a0\u00bb\u00a0\u00bb]Les \u00e9tudes constituent la premi\u00e8re \u00e9tape essentielle de tout projet d\u2019infrastructure. BECA-Consult r\u00e9alise des \u00e9tudes techniques compl\u00e8tes, depuis la collecte des donn\u00e9es terrain jusqu\u2019\u00e0 la pr\u00e9paration des dossiers d\u2019appel d\u2019offres, afin de garantir la faisabilit\u00e9 technique, la conformit\u00e9 normative et l\u2019optimisation \u00e9conomique des projets. Notre approche repose sur une analyse&hellip;","og_url":"https:\/\/beca-consult.com\/?page_id=408","og_site_name":"Beca Consult","article_modified_time":"2026-03-03T09:42:14+00:00","twitter_card":"summary_large_image","twitter_misc":{"Dur\u00e9e de lecture estim\u00e9e":"4 minutes"},"schema":{"@context":"https:\/\/schema.org","@graph":[{"@type":"WebPage","@id":"https:\/\/beca-consult.com\/?page_id=408","url":"https:\/\/beca-consult.com\/?page_id=408","name":"Etudes - Beca Consult","isPartOf":{"@id":"https:\/\/beca-consult.com\/#website"},"datePublished":"2016-01-30T21:56:24+00:00","dateModified":"2026-03-03T09:42:14+00:00","breadcrumb":{"@id":"https:\/\/beca-consult.com\/?page_id=408#breadcrumb"},"inLanguage":"fr-FR","potentialAction":[{"@type":"ReadAction","target":["https:\/\/beca-consult.com\/?page_id=408"]}]},{"@type":"BreadcrumbList","@id":"https:\/\/beca-consult.com\/?page_id=408#breadcrumb","itemListElement":[{"@type":"ListItem","position":1,"name":"Accueil","item":"https:\/\/beca-consult.com\/"},{"@type":"ListItem","position":2,"name":"Services","item":"https:\/\/beca-consult.com\/?page_id=7"},{"@type":"ListItem","position":3,"name":"Etudes"}]},{"@type":"WebSite","@id":"https:\/\/beca-consult.com\/#website","url":"https:\/\/beca-consult.com\/","name":"Beca Consult","description":"","publisher":{"@id":"https:\/\/beca-consult.com\/#organization"},"potentialAction":[{"@type":"SearchAction","target":{"@type":"EntryPoint","urlTemplate":"https:\/\/beca-consult.com\/?s={search_term_string}"},"query-input":{"@type":"PropertyValueSpecification","valueRequired":true,"valueName":"search_term_string"}}],"inLanguage":"fr-FR"},{"@type":"Organization","@id":"https:\/\/beca-consult.com\/#organization","name":"Beca Consult","url":"https:\/\/beca-consult.com\/","logo":{"@type":"ImageObject","inLanguage":"fr-FR","@id":"https:\/\/beca-consult.com\/#\/schema\/logo\/image\/","url":"https:\/\/beca-consult.com\/wp-content\/uploads\/2026\/05\/logo_beca_c-scaled.png","contentUrl":"https:\/\/beca-consult.com\/wp-content\/uploads\/2026\/05\/logo_beca_c-scaled.png","width":2560,"height":314,"caption":"Beca Consult"},"image":{"@id":"https:\/\/beca-consult.com\/#\/schema\/logo\/image\/"},"sameAs":["https:\/\/www.linkedin.com\/company\/beca-consult\/"]}]}},"_links":{"self":[{"href":"https:\/\/beca-consult.com\/index.php?rest_route=\/wp\/v2\/pages\/408","targetHints":{"allow":["GET"]}}],"collection":[{"href":"https:\/\/beca-consult.com\/index.php?rest_route=\/wp\/v2\/pages"}],"about":[{"href":"https:\/\/beca-consult.com\/index.php?rest_route=\/wp\/v2\/types\/page"}],"author":[{"embeddable":true,"href":"https:\/\/beca-consult.com\/index.php?rest_route=\/wp\/v2\/users\/1"}],"replies":[{"embeddable":true,"href":"https:\/\/beca-consult.com\/index.php?rest_route=%2Fwp%2Fv2%2Fcomments&post=408"}],"version-history":[{"count":8,"href":"https:\/\/beca-consult.com\/index.php?rest_route=\/wp\/v2\/pages\/408\/revisions"}],"predecessor-version":[{"id":2328,"href":"https:\/\/beca-consult.com\/index.php?rest_route=\/wp\/v2\/pages\/408\/revisions\/2328"}],"up":[{"embeddable":true,"href":"https:\/\/beca-consult.com\/index.php?rest_route=\/wp\/v2\/pages\/7"}],"wp:attachment":[{"href":"https:\/\/beca-consult.com\/index.php?rest_route=%2Fwp%2Fv2%2Fmedia&parent=408"}],"curies":[{"name":"wp","href":"https:\/\/api.w.org\/{rel}","templated":true}]}}