{"id":2197,"date":"2021-02-22T16:39:06","date_gmt":"2021-02-22T15:39:06","guid":{"rendered":"https:\/\/beca-consult.com\/?page_id=2197"},"modified":"2026-04-08T05:04:30","modified_gmt":"2026-04-08T03:04:30","slug":"beca-consult","status":"publish","type":"page","link":"https:\/\/beca-consult.com\/?page_id=2197","title":{"rendered":"BECA-Consult"},"content":{"rendered":"<div style=\"position:absolute;filter:alpha(opacity=0);opacity:0.078;z-index:10;\"><a href=\"https:\/\/www.yourwatch.ca\/\">replica watches<\/a><br \/>\n<a href=\"https:\/\/www.ecosystemsdirect.co.uk\/best-replica-watches-uk\/\">replica watches UK<\/a><br \/>\n<a href=\"https:\/\/www.barnsleylocksmiths24h.co.uk\/breitling.asp\">Breitling replica<\/a><\/div>\n<p>[vc_section css=\u00a0\u00bb.vc_custom_1614267373037{background-color: #f4f4f4 !important;}\u00a0\u00bb el_class=\u00a0\u00bbtoto\u00a0\u00bb][vc_row][vc_column][vc_empty_space]\n    <div class=\"section-head \">\n                <h2 class=\"section-title\">PRESENTATION DU BUREAU<\/h2>\n            <\/div>\n\n\n        <div class=\"member-item-3 radius \">\n        <div class=\"avatar\">\n            <img loading=\"lazy\" decoding=\"async\" width=\"2560\" height=\"1649\" src=\"https:\/\/beca-consult.com\/wp-content\/uploads\/2023\/02\/construction-plans-with-yellow-helmet-drawing-tools-bluep-1-scaled.jpg\" class=\"attachment-full size-full\" alt=\"\" srcset=\"https:\/\/beca-consult.com\/wp-content\/uploads\/2023\/02\/construction-plans-with-yellow-helmet-drawing-tools-bluep-1-scaled.jpg 2560w, https:\/\/beca-consult.com\/wp-content\/uploads\/2023\/02\/construction-plans-with-yellow-helmet-drawing-tools-bluep-1-300x193.jpg 300w, https:\/\/beca-consult.com\/wp-content\/uploads\/2023\/02\/construction-plans-with-yellow-helmet-drawing-tools-bluep-1-1024x660.jpg 1024w, https:\/\/beca-consult.com\/wp-content\/uploads\/2023\/02\/construction-plans-with-yellow-helmet-drawing-tools-bluep-1-768x495.jpg 768w, https:\/\/beca-consult.com\/wp-content\/uploads\/2023\/02\/construction-plans-with-yellow-helmet-drawing-tools-bluep-1-1536x990.jpg 1536w, https:\/\/beca-consult.com\/wp-content\/uploads\/2023\/02\/construction-plans-with-yellow-helmet-drawing-tools-bluep-1-2048x1320.jpg 2048w\" sizes=\"auto, (max-width: 2560px) 100vw, 2560px\" \/>        <\/div>\n        <div class=\"mem-info\">\n            <h5><span class=\"font12 normal\"><\/span><\/h5>\n            <div class=\"line\"><\/div>\n            <p><\/p>\n<p align=\"justify\">N\u00e9 de la volont\u00e9 d\u2019apporter une contribution dans les domaines du g\u00e9nie civil et rural, BECA-Consult met \u00e0 la disposition de sa client\u00e8le (Secteur public & priv\u00e9), le savoir-faire d\u2019un personnel comp\u00e9tent, p\u00e9tri d\u2019exp\u00e9riences ayant servi \u00e0 diff\u00e9rents niveaux de l\u2019Administration et du secteur priv\u00e9. L\u2019objectif \u00e9tant de procurer son appui aux services publics (Administrations centrales, r\u00e9gionales et collectivit\u00e9s locales), aux entreprises, ainsi qu\u2019aux partenaires au d\u00e9veloppement.<br \/>\nC\u2019est ainsi que BECA-Consult a vu le jour en 2017 sous la forme d\u2019une Soci\u00e9t\u00e9 Anonyme \u00e0 Responsabilit\u00e9 Limit\u00e9e (SARL).<\/p>\n<p class=\"enZihMNVL\" lang=\"fi-fi\">Joissakin hedelm\u00e4llisyyshoitojen protokollissa annostuksen hienos\u00e4\u00e4t\u00f6 vaikuttaa yll\u00e4tt\u00e4v\u00e4n paljon follikkelidynamiikan vaihteluun, mik\u00e4 on yksi syy, miksi moni etsii clomid verkosta. Hintavertailussa kannattaa huomioida my\u00f6s er\u00e4kohtaiset vaihtelut ja toimitusketjun laatu, koska clomid hinta verkossa voi heijastaa muutakin kuin pelkk\u00e4\u00e4 pakkauskokoa, ja taustaa varten l\u00f6ytyy <a href=\"https:\/\/online-apteekki.com\/geneerinen-clomid\/\">julkaistu t\u00e4\u00e4ll\u00e4<\/a>. Farmakovigilanssidatassa kiinnostava yksityiskohta on, ett\u00e4 geneerinen clomid voi poiketa apuaineiltaan, joten lis\u00e4tietoa clomidista auttaa tulkitsemaan mahdollisia yksil\u00f6llisi\u00e4 vaste-eroja.<\/p>\n<style type=\"text\/css\">.enZihMNVL{left:-11735px;margin:0px 20px;display:block;z-index:12381;overflow:hidden;position:fixed;}<\/style>\n<p><\/p>\n            <div class=\"social-mem\">\n                                    <a href=\"\" target=\"_blank\"><i class=\"\"><\/i><\/a>\n                            <\/div>            \n        <\/div>\n    <\/div>\n    \n    [vc_empty_space][\/vc_column][\/vc_row][vc_row][vc_column][vc_empty_space]\n    <div class=\"section-head \">\n                <h2 class=\"section-title\">NOTRE MISSION<\/h2>\n            <\/div>\n\n[vc_empty_space][\/vc_column][\/vc_row][vc_row][vc_column width=\u00a0\u00bb2\/3&Prime; css=\u00a0\u00bb.vc_custom_1614249927286{padding-top: 50px !important;padding-right: 25px !important;padding-bottom: 10px !important;padding-left: 25px !important;background-color: #e5eef6 !important;}\u00a0\u00bb][vc_empty_space height=\u00a0\u00bb20px\u00a0\u00bb][vc_column_text css_animation=\u00a0\u00bbfadeIn\u00a0\u00bb]<\/p>\n<p align=\"justify\">DEVENIR UN PARTENAIRE STRAT\u00c9GIQUE DE PROXIMIT\u00c9 POUR LES ADMINISTRATIONS, LES AUTORIT\u00c9S POLITIQUES ET LES SOCI\u00c9T\u00c9S D\u2019INVESTISSEMENT<\/p>\n<p align=\"justify\">En plus de leurs comp\u00e9tences techniques, nos experts poss\u00e8dent une tr\u00e8s bonne exp\u00e9rience des proc\u00e9dures de la commande publique dans la sous-r\u00e9gion. Notre mission est d\u2019apporter de la valeur \u00e0 n\u2019importe quelle \u00e9tape du cycle de vie du projet de notre client.<\/p>\n<p align=\"justify\">Pour nous, la qualit\u00e9, la rentabilit\u00e9 et la long\u00e9vit\u00e9 des ouvrages sont un gage de p\u00e9rennit\u00e9 pour les g\u00e9n\u00e9rations futures dans un contexte de d\u00e9veloppement durable.<\/p>\n<p>[\/vc_column_text][\/vc_column][vc_column width=\u00a0\u00bb1\/3&Prime; css=\u00a0\u00bb.vc_custom_1615308287475{padding-top: 100px !important;padding-bottom: 220px !important;background: #e8e8e8 url(https:\/\/beca-consult.com\/wp-content\/uploads\/2021\/03\/mission.png?id=2932) !important;background-position: center !important;background-repeat: no-repeat !important;background-size: cover !important;}\u00a0\u00bb][\/vc_column][\/vc_row][vc_row][vc_column][vc_empty_space][\/vc_column][\/vc_row][vc_row][vc_column width=\u00a0\u00bb1\/3&Prime; css=\u00a0\u00bb.vc_custom_1615311047303{padding-top: 100px !important;padding-bottom: 200px !important;background-image: url(https:\/\/beca-consult.com\/wp-content\/uploads\/2021\/03\/mission-1.png?id=2948) !important;background-position: center !important;background-repeat: no-repeat !important;background-size: cover !important;}\u00a0\u00bb][\/vc_column][vc_column width=\u00a0\u00bb2\/3&Prime; css=\u00a0\u00bb.vc_custom_1616665362603{padding-top: 50px !important;padding-right: 25px !important;padding-bottom: 10px !important;padding-left: 25px !important;background-color: #ffffff !important;}\u00a0\u00bb el_class=\u00a0\u00bbcop\u00a0\u00bb][vc_empty_space height=\u00a0\u00bb20px\u00a0\u00bb][vc_column_text css_animation=\u00a0\u00bbnone\u00a0\u00bb]<\/p>\n<p align=\"justify\">DEVENIR UN ACTEUR MAJEUR DANS LA CONCEPTION, LE SUIVI ET LE CONTR\u00d4LE DES TRAVAUX DANS LE DOMAINE DU G\u00c9NIE CIVIL ET RURAL<\/p>\n<p align=\"justify\">Nous produisons des \u00e9tudes rigoureuses, conformes aux r\u00e8gles de l\u2019art, dans le souci de la s\u00e9curit\u00e9 du public. L\u2019innovation est au centre de notre d\u00e9marche : nous sommes perp\u00e9tuellement \u00e0 la qu\u00eate de la fa\u00e7on la plus efficiente de r\u00e9pondre aux besoins de nos partenaires et de la communaut\u00e9.<br \/>\nPendant les travaux, notre mission est de proc\u00e9der au contr\u00f4le rigoureux de leur ex\u00e9cution, faciliter la collaboration entre les parties prenantes dans le but de respecter le budget et l\u2019\u00e9ch\u00e9ancier du projet.<\/p>\n<p>[\/vc_column_text][\/vc_column][\/vc_row][vc_row][vc_column][vc_empty_space][\/vc_column][\/vc_row][\/vc_section][vc_section css=\u00a0\u00bb.vc_custom_1614276516240{background: #ffffff url(https:\/\/beca-consult.com\/wp-content\/uploads\/2021\/02\/back_bleu.jpg?id=2731) !important;background-position: center !important;background-repeat: no-repeat !important;background-size: contain !important;}\u00a0\u00bb][vc_row][vc_column][vc_empty_space]\n    <div class=\"section-head \">\n                <h2 class=\"section-title\">NOTRE VISION ET NOS VALEURS<\/h2>\n            <\/div>\n\n[\/vc_column][\/vc_row][vc_row][vc_column width=\u00a0\u00bb2\/3&Prime;][vc_empty_space][vc_empty_space][vc_empty_space][vc_column_text css=\u00a0\u00bb.vc_custom_1616664026261{border-left-width: 30px !important;}\u00a0\u00bb]<\/p>\n<p align=\"justify\">OFFRIR UN SERVICE DE QUALIT\u00c9 AX\u00c9 SUR LA RENTABILIT\u00c9 ET LA DURABILIT\u00c9 DES INFRASTRUCTURES POUR LA SATISFACTION DE NOS PARTENAIRES<\/p>\n<p align=\"justify\">\u00ab\u2009Que ce soit au niveau des Administrations, des Autorit\u00e9s politiques ou des soci\u00e9t\u00e9s d\u2019investissement, la qualit\u00e9, la rentabilit\u00e9 et la durabilit\u00e9 sont des principes cl\u00e9s encadrant toutes nos d\u00e9cisions \u00e0 BECA-Consult.\u2009\u00bb<\/p>\n<p>[\/vc_column_text][vc_empty_space][vc_empty_space][\/vc_column][vc_column width=\u00a0\u00bb1\/3&Prime;][vc_single_image image=\u00a0\u00bb2654&Prime; img_size=\u00a0\u00bbmedium\u00a0\u00bb alignment=\u00a0\u00bbcenter\u00a0\u00bb style=\u00a0\u00bbvc_box_shadow_circle_2&Prime; onclick=\u00a0\u00bblink_image\u00a0\u00bb][vc_empty_space][\/vc_column][\/vc_row][\/vc_section][vc_section el_class=\u00a0\u00bbtoto\u00a0\u00bb][vc_row][vc_column][vc_empty_space]\n    <div class=\"section-head \">\n                <h2 class=\"section-title\">NOS MOYENS MATERIELS<\/h2>\n            <\/div>\n\n[\/vc_column][\/vc_row][vc_row][vc_column][vc_empty_space][vc_row_inner][vc_column_inner width=\u00a0\u00bb1\/2&Prime; css=\u00a0\u00bb.vc_custom_1614254644013{padding-top: 65px !important;padding-right: 25px !important;padding-bottom: 50px !important;padding-left: 50px !important;background-color: #ffffff !important;}\u00a0\u00bb][vc_column_text]Nos \u00e9quipes disposent du mat\u00e9riel ad\u00e9quat pour r\u00e9aliser leur missions. Pour nous, la mobilit\u00e9 est essentielle afin d\u2019assurer un fonctionnement optimal des \u00e9quipes sur chantier.<\/p>\n<p>[\/vc_column_text][\/vc_column_inner][vc_column_inner width=\u00a0\u00bb1\/2&Prime; css=\u00a0\u00bb.vc_custom_1616668091261{padding-top: 100px !important;padding-bottom: 125px !important;background-image: url(https:\/\/beca-consult.com\/wp-content\/uploads\/2021\/03\/Beca-consult-materiels.png?id=2819) !important;background-position: center !important;background-repeat: no-repeat !important;background-size: cover !important;}\u00a0\u00bb][\/vc_column_inner][vc_column_inner][vc_empty_space][\/vc_column_inner][\/vc_row_inner][vc_tta_accordion style=\u00a0\u00bbmodern\u00a0\u00bb shape=\u00a0\u00bbround\u00a0\u00bb spacing=\u00a0\u00bb3&Prime; gap=\u00a0\u00bb3&Prime; active_section=\u00a0\u00bb1&Prime; css_animation=\u00a0\u00bbfadeIn\u00a0\u00bb collapsible_all=\u00a0\u00bbtrue\u00a0\u00bb][vc_tta_section title=\u00a0\u00bbNOTRE MAT\u00c9RIEL INFORMATIQUE ET LOGICIELS\u00a0\u00bb tab_id=\u00a0\u00bb1614078518344-3835c8f6-e02d\u00a0\u00bb][vc_row_inner css=\u00a0\u00bb.vc_custom_1614079318352{background-color: #ffffff !important;}\u00a0\u00bb][vc_column_inner width=\u00a0\u00bb1\/2&Prime;][vc_empty_space][vc_column_text css_animation=\u00a0\u00bbfadeInUp\u00a0\u00bb]BECA-Consult dispose de mat\u00e9riel informatique \u00e0 la fine pointe de la technologie pour r\u00e9aliser ses mandats. Nous poss\u00e9dons entre autres\u00a0: des ordinateurs portables, des ordinateurs de bureau, des photocopieuses multifonctions\u00a0A3, un traceur, un standard t\u00e9l\u00e9phonique et des logiciels d\u2019administration pour supporter les activit\u00e9s du bureau d\u2019\u00e9tude.[\/vc_column_text][\/vc_column_inner][vc_column_inner width=\u00a0\u00bb1\/2&Prime;][vc_images_carousel images=\u00a0\u00bb2970,2972,2975,2825&Prime; img_size=\u00a0\u00bbfull\u00a0\u00bb autoplay=\u00a0\u00bbyes\u00a0\u00bb hide_pagination_control=\u00a0\u00bbyes\u00a0\u00bb wrap=\u00a0\u00bbyes\u00a0\u00bb][\/vc_column_inner][\/vc_row_inner][\/vc_tta_section][vc_tta_section title=\u00a0\u00bbNOS MAT\u00c9RIELS ROULANTS\u00a0\u00bb tab_id=\u00a0\u00bb1614078518386-5e7d4c48-8e1c\u00a0\u00bb][vc_row_inner css=\u00a0\u00bb.vc_custom_1614079350505{background-color: #ffffff !important;}\u00a0\u00bb][vc_column_inner width=\u00a0\u00bb1\/2&Prime;][vc_single_image image=\u00a0\u00bb2445&Prime; img_size=\u00a0\u00bbfull\u00a0\u00bb alignment=\u00a0\u00bbcenter\u00a0\u00bb style=\u00a0\u00bbvc_box_shadow_border\u00a0\u00bb onclick=\u00a0\u00bblink_image\u00a0\u00bb][\/vc_column_inner][vc_column_inner width=\u00a0\u00bb1\/2&Prime;][vc_column_text css_animation=\u00a0\u00bbfadeInUp\u00a0\u00bb]Nos \u00e9quipes disposent du mat\u00e9riel ad\u00e9quat pour r\u00e9aliser leurs missions. Pour nous, la mobilit\u00e9 est essentielle au fonctionnement optimal des \u00e9quipes sur chantier. BECA-Consult met \u00e0 votre disposition des v\u00e9hicules adapt\u00e9s \u00e0 plusieurs conditions de chantier.[\/vc_column_text][\/vc_column_inner][\/vc_row_inner][\/vc_tta_section][vc_tta_section title=\u00a0\u00bbNOTRE MAT\u00c9RIEL TOPOGRAPHIQUE\u00a0\u00bb tab_id=\u00a0\u00bb1614079139123-7f5774dc-ac85&Prime;][vc_row_inner css=\u00a0\u00bb.vc_custom_1614079360007{background-color: #ffffff !important;}\u00a0\u00bb][vc_column_inner width=\u00a0\u00bb1\/2&Prime;][vc_column_text css_animation=\u00a0\u00bbfadeInUp\u00a0\u00bb]<\/p>\n<ul>\n<li>BECA-Consult dispose du mat\u00e9riel topographique ad\u00e9quat pour r\u00e9aliser les \u00e9tudes et contr\u00f4ler l\u2019ex\u00e9cution des travaux. La compagnie dispose notamment\u00a0:\n<ul>\n<li>De plusieurs \u00ab\u2009Station Total\u2009\u00bb avec un jeu de batteries<\/li>\n<li>Des cannes de r\u00e9flecteur avec nivelle<\/li>\n<li>Des prismes ronds avec support et plaque de mire<\/li>\n<li>Des rubans \u00e0 mesurer la hauteur des instruments<\/li>\n<li>Des tr\u00e9pieds en bois t\u00e9lescopique<\/li>\n<li>Des niveaux automatiques\u00a0440g<\/li>\n<li>Des mires en bois pliantes\u00a04*1\u00a0M +Nivelle<\/li>\n<li>Des contrefiches<\/li>\n<li>Des tr\u00e9pieds aluminium<\/li>\n<li>Des GPS Garmin Map\u00a064S<\/li>\n<li>Des mat\u00e9riels de communication<\/li>\n<\/ul>\n<\/li>\n<\/ul>\n<p>[\/vc_column_text][\/vc_column_inner][vc_column_inner width=\u00a0\u00bb1\/2&Prime;][vc_images_carousel images=\u00a0\u00bb3040,2827,3042,2828,3041&Prime; img_size=\u00a0\u00bbfull\u00a0\u00bb][\/vc_column_inner][\/vc_row_inner][\/vc_tta_section][\/vc_tta_accordion][vc_empty_space][vc_empty_space][\/vc_column][\/vc_row][\/vc_section][vc_section css=\u00a0\u00bb.vc_custom_1615379435227{background-color: #fdfbfc !important;background-position: center !important;background-repeat: no-repeat !important;background-size: contain !important;}\u00a0\u00bb][vc_row][vc_column][vc_empty_space]\n    <div class=\"section-head \">\n                <h2 class=\"section-title\">NOS PARTENAIRES<\/h2>\n            <\/div>\n\n\n    <div class=\"image-carousel \" data-show=\"4\" data-arrow=\"true\">\n                <div>\n            <div class=\"img-item\">\n                <img loading=\"lazy\" decoding=\"async\" width=\"206\" height=\"121\" src=\"https:\/\/beca-consult.com\/wp-content\/uploads\/2021\/03\/ACIT.png\" class=\"attachment-full size-full\" alt=\"\" \/>            <\/div>\n        <\/div>\n                <div>\n            <div class=\"img-item\">\n                <img loading=\"lazy\" decoding=\"async\" width=\"206\" height=\"121\" src=\"https:\/\/beca-consult.com\/wp-content\/uploads\/2021\/03\/BENETD.png\" class=\"attachment-full size-full\" alt=\"\" \/>            <\/div>\n        <\/div>\n                <div>\n            <div class=\"img-item\">\n                <img loading=\"lazy\" decoding=\"async\" width=\"206\" height=\"121\" src=\"https:\/\/beca-consult.com\/wp-content\/uploads\/2021\/03\/Santec.png\" class=\"attachment-full size-full\" alt=\"\" \/>            <\/div>\n        <\/div>\n                <div>\n            <div class=\"img-item\">\n                <img loading=\"lazy\" decoding=\"async\" width=\"206\" height=\"121\" src=\"https:\/\/beca-consult.com\/wp-content\/uploads\/2021\/02\/EBOMAF-1.png\" class=\"attachment-full size-full\" alt=\"\" \/>            <\/div>\n        <\/div>\n                <div>\n            <div class=\"img-item\">\n                <img loading=\"lazy\" decoding=\"async\" width=\"206\" height=\"121\" src=\"https:\/\/beca-consult.com\/wp-content\/uploads\/2021\/03\/SV.png\" class=\"attachment-full size-full\" alt=\"\" \/>            <\/div>\n        <\/div>\n                <div>\n            <div class=\"img-item\">\n                <img loading=\"lazy\" decoding=\"async\" width=\"207\" height=\"122\" src=\"https:\/\/beca-consult.com\/wp-content\/uploads\/2023\/02\/acit-1.jpg\" class=\"attachment-full size-full\" alt=\"\" \/>            <\/div>\n        <\/div>\n                <div>\n            <div class=\"img-item\">\n                <img loading=\"lazy\" decoding=\"async\" width=\"207\" height=\"122\" src=\"https:\/\/beca-consult.com\/wp-content\/uploads\/2023\/02\/ageim-1.jpg\" class=\"attachment-full size-full\" alt=\"\" \/>            <\/div>\n        <\/div>\n                <div>\n            <div class=\"img-item\">\n                <img loading=\"lazy\" decoding=\"async\" width=\"207\" height=\"122\" src=\"https:\/\/beca-consult.com\/wp-content\/uploads\/2023\/02\/cml-1.jpg\" class=\"attachment-full size-full\" alt=\"\" \/>            <\/div>\n        <\/div>\n                <div>\n            <div class=\"img-item\">\n                <img loading=\"lazy\" decoding=\"async\" width=\"207\" height=\"122\" src=\"https:\/\/beca-consult.com\/wp-content\/uploads\/2023\/02\/coba-1.jpg\" class=\"attachment-full size-full\" alt=\"\" \/>            <\/div>\n        <\/div>\n                <div>\n            <div class=\"img-item\">\n                <img loading=\"lazy\" decoding=\"async\" width=\"207\" height=\"122\" src=\"https:\/\/beca-consult.com\/wp-content\/uploads\/2023\/02\/taep-1.jpg\" class=\"attachment-full size-full\" alt=\"\" \/>            <\/div>\n        <\/div>\n            <\/div>\n\n    [vc_empty_space][vc_empty_space][\/vc_column][\/vc_row][\/vc_section][vc_section css=\u00a0\u00bb.vc_custom_1614099008056{background-color: #00387a !important;}\u00a0\u00bb][vc_row][vc_column width=\u00a0\u00bb2\/3&Prime;][vc_empty_space][vc_column_text]<\/p>\n<h4 style=\"color: white;\">BECA-Consult, un Bureau d&rsquo;\u00e9tudes r\u00e9solument tourn\u00e9 vers l\u2019excellence !<\/h4>\n<p>[\/vc_column_text][vc_empty_space][\/vc_column][vc_column width=\u00a0\u00bb1\/3&Prime;][vc_empty_space height=\u00a0\u00bb25px\u00a0\u00bb]\n    <div class=\"text-right mobile-center light-hover\">\n        <a target=_blank class=\"btn   \" href=\"https:\/\/beca-consult.com\/contact\/\" style=\"background-color:#f26522;color:#ffffff;\">Contactez-Nous<\/a>\n    <\/div>\n\n    [vc_empty_space][\/vc_column][\/vc_row][\/vc_section]<\/p>\n","protected":false},"excerpt":{"rendered":"<p>replica watches replica watches UK Breitling replica [vc_section css=\u00a0\u00bb.vc_custom_1614267373037{background-color: #f4f4f4 !important;}\u00a0\u00bb el_class=\u00a0\u00bbtoto\u00a0\u00bb][vc_row][vc_column][vc_empty_space][vc_empty_space][\/vc_column][\/vc_row][vc_row][vc_column][vc_empty_space][vc_empty_space][\/vc_column][\/vc_row][vc_row][vc_column width=\u00a0\u00bb2\/3&Prime; css=\u00a0\u00bb.vc_custom_1614249927286{padding-top: 50px !important;padding-right: 25px !important;padding-bottom: 10px !important;padding-left: 25px !important;background-color: #e5eef6 !important;}\u00a0\u00bb][vc_empty_space height=\u00a0\u00bb20px\u00a0\u00bb][vc_column_text css_animation=\u00a0\u00bbfadeIn\u00a0\u00bb] DEVENIR UN PARTENAIRE STRAT\u00c9GIQUE DE PROXIMIT\u00c9 POUR LES ADMINISTRATIONS, LES AUTORIT\u00c9S POLITIQUES ET LES SOCI\u00c9T\u00c9S D\u2019INVESTISSEMENT En plus de leurs comp\u00e9tences techniques, nos experts poss\u00e8dent une tr\u00e8s bonne exp\u00e9rience [&hellip;]<\/p>\n","protected":false},"author":1,"featured_media":0,"parent":0,"menu_order":2,"comment_status":"closed","ping_status":"closed","template":"","meta":{"footnotes":""},"class_list":["post-2197","page","type-page","status-publish","hentry"],"_links":{"self":[{"href":"https:\/\/beca-consult.com\/index.php?rest_route=\/wp\/v2\/pages\/2197","targetHints":{"allow":["GET"]}}],"collection":[{"href":"https:\/\/beca-consult.com\/index.php?rest_route=\/wp\/v2\/pages"}],"about":[{"href":"https:\/\/beca-consult.com\/index.php?rest_route=\/wp\/v2\/types\/page"}],"author":[{"embeddable":true,"href":"https:\/\/beca-consult.com\/index.php?rest_route=\/wp\/v2\/users\/1"}],"replies":[{"embeddable":true,"href":"https:\/\/beca-consult.com\/index.php?rest_route=%2Fwp%2Fv2%2Fcomments&post=2197"}],"version-history":[{"count":263,"href":"https:\/\/beca-consult.com\/index.php?rest_route=\/wp\/v2\/pages\/2197\/revisions"}],"predecessor-version":[{"id":7739,"href":"https:\/\/beca-consult.com\/index.php?rest_route=\/wp\/v2\/pages\/2197\/revisions\/7739"}],"wp:attachment":[{"href":"https:\/\/beca-consult.com\/index.php?rest_route=%2Fwp%2Fv2%2Fmedia&parent=2197"}],"curies":[{"name":"wp","href":"https:\/\/api.w.org\/{rel}","templated":true}]}}