{"id":2164,"date":"2026-02-11T14:41:27","date_gmt":"2026-02-11T13:41:27","guid":{"rendered":"http:\/\/beca-consulting.test\/?page_id=2164"},"modified":"2026-05-07T10:28:04","modified_gmt":"2026-05-07T08:28:04","slug":"assistance-technique","status":"publish","type":"page","link":"https:\/\/beca-consult.com\/?page_id=2164","title":{"rendered":"Assistance technique"},"content":{"rendered":"<div class=\"wpb-content-wrapper\"><p>[vc_row type=\u00a0\u00bbvc_default\u00a0\u00bb][vc_column css=\u00a0\u00bb.vc_custom_1498229431694{padding-bottom: 50px !important;}\u00a0\u00bb]<div id=\"ultimate-heading-73706a044d2f0b938\" class=\"uvc-heading ult-adjust-bottom-margin ultimate-heading-73706a044d2f0b938 uvc-6471 \" data-hspacer=\"no_spacer\"  data-halign=\"left\" style=\"text-align:left\"><div class=\"uvc-heading-spacer no_spacer\" style=\"top\"><\/div><div class=\"uvc-main-heading ult-responsive\"  data-ultimate-target='.uvc-heading.ultimate-heading-73706a044d2f0b938 h2'  data-responsive-json-new='{\"font-size\":\"desktop:26px;\",\"line-height\":\"desktop:32px;\"}' ><h2 style=\"font-weight:bold;margin-bottom:20px;\">ASSISTANCE TECHNIQUE<\/h2><\/div><\/div>[vc_column_text css=\u00a0\u00bb\u00a0\u00bb]L\u2019assistance technique vise \u00e0 accompagner les entreprises, ma\u00eetres d\u2019ouvrage et institutions dans l\u2019organisation technique et op\u00e9rationnelle de leurs projets d\u2019infrastructures. <strong>BECA Consult<\/strong> apporte un appui strat\u00e9gique et op\u00e9rationnel destin\u00e9 \u00e0 renforcer la performance des chantiers, am\u00e9liorer la qualit\u00e9 des ouvrages et s\u00e9curiser la ma\u00eetrise des co\u00fbts, des d\u00e9lais et des exigences environnementales.<\/p>\n<p>Cette assistance s\u2019appuie sur l\u2019exp\u00e9rience terrain du cabinet et sa connaissance des normes techniques, des proc\u00e9dures locales et des contraintes d\u2019ex\u00e9cution propres aux projets d\u2019infrastructures de grande envergure.[\/vc_column_text]<div class=\"smile_icon_list_wrap ult_info_list_container ult-adjust-bottom-margin   vc_custom_1498230419199\"><ul class=\"smile_icon_list left hexagon\"><li class=\"icon_list_item\" style=\" font-size:60px;\"><div class=\"icon_list_icon\" data-animation=\"\" data-animation-delay=\"03\" style=\"font-size:20px;background:#ffb536;color:#ffffff;border-color:#ffb536;\"><i class=\"far fa-hand-point-right\" ><\/i><\/div><div class=\"icon_description\" id=\"Info-list-wrap-9389\" style=\"font-size:20px;\"><h3 class=\"ult-responsive info-list-heading\"  data-ultimate-target='#Info-list-wrap-9389 h3'  data-responsive-json-new='{\"font-size\":\"desktop:16px;\",\"line-height\":\"desktop:22px;\"}'  style=\"font-family:&#039;Open Sans Condensed&#039;;font-weight:700;\">1. Organisation technique et structuration des chantiers<\/h3><div class=\"icon_description_text ult-responsive\"  data-ultimate-target='#Info-list-wrap-9389 .icon_description_text'  data-responsive-json-new='{\"font-size\":\"desktop:12px;\",\"line-height\":\"desktop:20px;\"}'  style=\"\"><p>Appui \u00e0 la d\u00e9finition des m\u00e9thodes d\u2019ex\u00e9cution, organisation des \u00e9quipes, mise en place des proc\u00e9dures techniques et planification op\u00e9rationnelle.<\/p>\n<\/div><\/div><div class=\"icon_list_connector\"  style=\"border-right-width: 1px;border-right-style: dashed;border-color: #ffb536;\"><\/div><\/li><li class=\"icon_list_item\" style=\" font-size:60px;\"><div class=\"icon_list_icon\" data-animation=\"\" data-animation-delay=\"03\" style=\"font-size:20px;background:#ffb536;color:#ffffff;border-color:#ffb536;\"><i class=\"far fa-hand-point-right\" ><\/i><\/div><div class=\"icon_description\" id=\"Info-list-wrap-4141\" style=\"font-size:20px;\"><h3 class=\"ult-responsive info-list-heading\"  data-ultimate-target='#Info-list-wrap-4141 h3'  data-responsive-json-new='{\"font-size\":\"desktop:16px;\",\"line-height\":\"desktop:22px;\"}'  style=\"font-family:&#039;Open Sans Condensed&#039;;font-weight:700;\">2. Encadrement technique des \u00e9quipes terrain<\/h3><div class=\"icon_description_text ult-responsive\"  data-ultimate-target='#Info-list-wrap-4141 .icon_description_text'  data-responsive-json-new='{\"font-size\":\"desktop:12px;\",\"line-height\":\"desktop:20px;\"}'  style=\"\"><p>Accompagnement des \u00e9quipes pour assurer le respect des sp\u00e9cifications techniques, am\u00e9liorer la productivit\u00e9 et garantir la qualit\u00e9 des travaux.<\/p>\n<\/div><\/div><div class=\"icon_list_connector\"  style=\"border-right-width: 1px;border-right-style: dashed;border-color: #ffb536;\"><\/div><\/li><li class=\"icon_list_item\" style=\" font-size:60px;\"><div class=\"icon_list_icon\" data-animation=\"\" data-animation-delay=\"03\" style=\"font-size:20px;background:#ffb536;color:#ffffff;border-color:#ffb536;\"><i class=\"far fa-hand-point-right\" ><\/i><\/div><div class=\"icon_description\" id=\"Info-list-wrap-2310\" style=\"font-size:20px;\"><h3 class=\"ult-responsive info-list-heading\"  data-ultimate-target='#Info-list-wrap-2310 h3'  data-responsive-json-new='{\"font-size\":\"desktop:16px;\",\"line-height\":\"desktop:22px;\"}'  style=\"font-family:&#039;Open Sans Condensed&#039;;font-weight:700;\">3. Optimisation de la planification et des ressources<\/h3><div class=\"icon_description_text ult-responsive\"  data-ultimate-target='#Info-list-wrap-2310 .icon_description_text'  data-responsive-json-new='{\"font-size\":\"desktop:12px;\",\"line-height\":\"desktop:20px;\"}'  style=\"\"><p>Analyse des m\u00e9thodes de travail, ajustement des plannings et recommandations pour am\u00e9liorer l\u2019efficacit\u00e9 op\u00e9rationnelle du projet.<\/p>\n<\/div><\/div><div class=\"icon_list_connector\"  style=\"border-right-width: 1px;border-right-style: dashed;border-color: #ffb536;\"><\/div><\/li><li class=\"icon_list_item\" style=\" font-size:60px;\"><div class=\"icon_list_icon\" data-animation=\"\" data-animation-delay=\"03\" style=\"font-size:20px;background:#ffb536;color:#ffffff;border-color:#ffb536;\"><i class=\"far fa-hand-point-right\" ><\/i><\/div><div class=\"icon_description\" id=\"Info-list-wrap-5886\" style=\"font-size:20px;\"><h3 class=\"ult-responsive info-list-heading\"  data-ultimate-target='#Info-list-wrap-5886 h3'  data-responsive-json-new='{\"font-size\":\"desktop:16px;\",\"line-height\":\"desktop:22px;\"}'  style=\"font-family:&#039;Open Sans Condensed&#039;;font-weight:700;\">4. Coordination avec les administrations et conformit\u00e9 r\u00e9glementaire<\/h3><div class=\"icon_description_text ult-responsive\"  data-ultimate-target='#Info-list-wrap-5886 .icon_description_text'  data-responsive-json-new='{\"font-size\":\"desktop:12px;\",\"line-height\":\"desktop:20px;\"}'  style=\"\"><p>Appui aux d\u00e9marches administratives, gestion des relations avec les autorit\u00e9s et s\u00e9curisation de la conformit\u00e9 r\u00e9glementaire du projet.<\/p>\n<\/div><\/div><div class=\"icon_list_connector\"  style=\"border-right-width: 1px;border-right-style: dashed;border-color: #ffb536;\"><\/div><\/li><li class=\"icon_list_item\" style=\" font-size:60px;\"><div class=\"icon_list_icon\" data-animation=\"\" data-animation-delay=\"03\" style=\"font-size:20px;background:#ffb536;color:#ffffff;border-color:#ffb536;\"><i class=\"far fa-hand-point-right\" ><\/i><\/div><div class=\"icon_description\" id=\"Info-list-wrap-8194\" style=\"font-size:20px;\"><h3 class=\"ult-responsive info-list-heading\"  data-ultimate-target='#Info-list-wrap-8194 h3'  data-responsive-json-new='{\"font-size\":\"desktop:16px;\",\"line-height\":\"desktop:22px;\"}'  style=\"font-family:&#039;Open Sans Condensed&#039;;font-weight:700;\">5. Mise en \u0153uvre des dispositifs qualit\u00e9, s\u00e9curit\u00e9 et environnement<\/h3><div class=\"icon_description_text ult-responsive\"  data-ultimate-target='#Info-list-wrap-8194 .icon_description_text'  data-responsive-json-new='{\"font-size\":\"desktop:12px;\",\"line-height\":\"desktop:20px;\"}'  style=\"\"><p>Accompagnement dans l\u2019application des exigences QSE, suivi des mesures de s\u00e9curit\u00e9 et int\u00e9gration des contraintes environnementales.<\/p>\n<\/div><\/div><div class=\"icon_list_connector\"  style=\"border-right-width: 1px;border-right-style: dashed;border-color: #ffb536;\"><\/div><\/li><li class=\"icon_list_item\" style=\" font-size:60px;\"><div class=\"icon_list_icon\" data-animation=\"\" data-animation-delay=\"03\" style=\"font-size:20px;background:#ffb536;color:#ffffff;border-color:#ffb536;\"><i class=\"far fa-hand-point-right\" ><\/i><\/div><div class=\"icon_description\" id=\"Info-list-wrap-5580\" style=\"font-size:20px;\"><h3 class=\"ult-responsive info-list-heading\"  data-ultimate-target='#Info-list-wrap-5580 h3'  data-responsive-json-new='{\"font-size\":\"desktop:16px;\",\"line-height\":\"desktop:22px;\"}'  style=\"font-family:&#039;Open Sans Condensed&#039;;font-weight:700;\">6. Formation et transfert de comp\u00e9tences<\/h3><div class=\"icon_description_text ult-responsive\"  data-ultimate-target='#Info-list-wrap-5580 .icon_description_text'  data-responsive-json-new='{\"font-size\":\"desktop:12px;\",\"line-height\":\"desktop:20px;\"}'  style=\"\"><p>Renforcement des capacit\u00e9s des \u00e9quipes locales et diffusion des bonnes pratiques techniques et organisationnelles.<\/p>\n<\/div><\/div><div class=\"icon_list_connector\"  style=\"border-right-width: 1px;border-right-style: dashed;border-color: #ffb536;\"><\/div><\/li><\/ul><\/div>[\/vc_column][\/vc_row][vc_row type=\u00a0\u00bbvc_default\u00a0\u00bb][vc_column css=\u00a0\u00bb.vc_custom_1498229445232{padding-bottom: 50px !important;}\u00a0\u00bb][\/vc_column][\/vc_row]<\/p>\n<\/div>","protected":false},"excerpt":{"rendered":"<p>[vc_row type=\u00a0\u00bbvc_default\u00a0\u00bb][vc_column css=\u00a0\u00bb.vc_custom_1498229431694{padding-bottom: 50px !important;}\u00a0\u00bb][vc_column_text css=\u00a0\u00bb\u00a0\u00bb]L\u2019assistance technique vise \u00e0 accompagner les entreprises, ma\u00eetres d\u2019ouvrage et institutions dans l\u2019organisation technique et op\u00e9rationnelle de leurs projets d\u2019infrastructures. BECA Consult apporte un appui strat\u00e9gique et op\u00e9rationnel destin\u00e9 \u00e0 renforcer la performance des chantiers, am\u00e9liorer la qualit\u00e9 des ouvrages et s\u00e9curiser la ma\u00eetrise des co\u00fbts, des d\u00e9lais et des&hellip;<\/p>\n","protected":false},"author":1,"featured_media":0,"parent":7,"menu_order":0,"comment_status":"closed","ping_status":"closed","template":"","meta":{"footnotes":""},"class_list":["post-2164","page","type-page","status-publish","hentry","description-off"],"yoast_head":"<!-- This site is optimized with the Yoast SEO plugin v27.5 - https:\/\/yoast.com\/product\/yoast-seo-wordpress\/ -->\n<title>Assistance technique - Beca Consult<\/title>\n<meta name=\"robots\" content=\"index, follow, max-snippet:-1, max-image-preview:large, max-video-preview:-1\" \/>\n<link rel=\"canonical\" href=\"https:\/\/beca-consult.com\/?page_id=2164\" \/>\n<meta property=\"og:locale\" content=\"fr_FR\" \/>\n<meta property=\"og:type\" content=\"article\" \/>\n<meta property=\"og:title\" content=\"Assistance technique - Beca Consult\" \/>\n<meta property=\"og:description\" content=\"[vc_row type=\u00a0\u00bbvc_default\u00a0\u00bb][vc_column css=\u00a0\u00bb.vc_custom_1498229431694{padding-bottom: 50px !important;}\u00a0\u00bb][vc_column_text css=\u00a0\u00bb\u00a0\u00bb]L\u2019assistance technique vise \u00e0 accompagner les entreprises, ma\u00eetres d\u2019ouvrage et institutions dans l\u2019organisation technique et op\u00e9rationnelle de leurs projets d\u2019infrastructures. BECA Consult apporte un appui strat\u00e9gique et op\u00e9rationnel destin\u00e9 \u00e0 renforcer la performance des chantiers, am\u00e9liorer la qualit\u00e9 des ouvrages et s\u00e9curiser la ma\u00eetrise des co\u00fbts, des d\u00e9lais et des&hellip;\" \/>\n<meta property=\"og:url\" content=\"https:\/\/beca-consult.com\/?page_id=2164\" \/>\n<meta property=\"og:site_name\" content=\"Beca Consult\" \/>\n<meta property=\"article:modified_time\" content=\"2026-05-07T08:28:04+00:00\" \/>\n<meta name=\"twitter:card\" content=\"summary_large_image\" \/>\n<meta name=\"twitter:label1\" content=\"Dur\u00e9e de lecture estim\u00e9e\" \/>\n\t<meta name=\"twitter:data1\" content=\"3 minutes\" \/>\n<script type=\"application\/ld+json\" class=\"yoast-schema-graph\">{\"@context\":\"https:\\\/\\\/schema.org\",\"@graph\":[{\"@type\":\"WebPage\",\"@id\":\"https:\\\/\\\/beca-consult.com\\\/?page_id=2164\",\"url\":\"https:\\\/\\\/beca-consult.com\\\/?page_id=2164\",\"name\":\"Assistance technique - Beca Consult\",\"isPartOf\":{\"@id\":\"https:\\\/\\\/beca-consult.com\\\/#website\"},\"datePublished\":\"2026-02-11T13:41:27+00:00\",\"dateModified\":\"2026-05-07T08:28:04+00:00\",\"breadcrumb\":{\"@id\":\"https:\\\/\\\/beca-consult.com\\\/?page_id=2164#breadcrumb\"},\"inLanguage\":\"fr-FR\",\"potentialAction\":[{\"@type\":\"ReadAction\",\"target\":[\"https:\\\/\\\/beca-consult.com\\\/?page_id=2164\"]}]},{\"@type\":\"BreadcrumbList\",\"@id\":\"https:\\\/\\\/beca-consult.com\\\/?page_id=2164#breadcrumb\",\"itemListElement\":[{\"@type\":\"ListItem\",\"position\":1,\"name\":\"Accueil\",\"item\":\"https:\\\/\\\/beca-consult.com\\\/\"},{\"@type\":\"ListItem\",\"position\":2,\"name\":\"Services\",\"item\":\"https:\\\/\\\/beca-consult.com\\\/?page_id=7\"},{\"@type\":\"ListItem\",\"position\":3,\"name\":\"Assistance technique\"}]},{\"@type\":\"WebSite\",\"@id\":\"https:\\\/\\\/beca-consult.com\\\/#website\",\"url\":\"https:\\\/\\\/beca-consult.com\\\/\",\"name\":\"Beca Consult\",\"description\":\"\",\"publisher\":{\"@id\":\"https:\\\/\\\/beca-consult.com\\\/#organization\"},\"potentialAction\":[{\"@type\":\"SearchAction\",\"target\":{\"@type\":\"EntryPoint\",\"urlTemplate\":\"https:\\\/\\\/beca-consult.com\\\/?s={search_term_string}\"},\"query-input\":{\"@type\":\"PropertyValueSpecification\",\"valueRequired\":true,\"valueName\":\"search_term_string\"}}],\"inLanguage\":\"fr-FR\"},{\"@type\":\"Organization\",\"@id\":\"https:\\\/\\\/beca-consult.com\\\/#organization\",\"name\":\"Beca Consult\",\"url\":\"https:\\\/\\\/beca-consult.com\\\/\",\"logo\":{\"@type\":\"ImageObject\",\"inLanguage\":\"fr-FR\",\"@id\":\"https:\\\/\\\/beca-consult.com\\\/#\\\/schema\\\/logo\\\/image\\\/\",\"url\":\"https:\\\/\\\/beca-consult.com\\\/wp-content\\\/uploads\\\/2026\\\/05\\\/logo_beca_c-scaled.png\",\"contentUrl\":\"https:\\\/\\\/beca-consult.com\\\/wp-content\\\/uploads\\\/2026\\\/05\\\/logo_beca_c-scaled.png\",\"width\":2560,\"height\":314,\"caption\":\"Beca Consult\"},\"image\":{\"@id\":\"https:\\\/\\\/beca-consult.com\\\/#\\\/schema\\\/logo\\\/image\\\/\"},\"sameAs\":[\"https:\\\/\\\/www.linkedin.com\\\/company\\\/beca-consult\\\/\"]}]}<\/script>\n<!-- \/ Yoast SEO plugin. -->","yoast_head_json":{"title":"Assistance technique - Beca Consult","robots":{"index":"index","follow":"follow","max-snippet":"max-snippet:-1","max-image-preview":"max-image-preview:large","max-video-preview":"max-video-preview:-1"},"canonical":"https:\/\/beca-consult.com\/?page_id=2164","og_locale":"fr_FR","og_type":"article","og_title":"Assistance technique - Beca Consult","og_description":"[vc_row type=\u00a0\u00bbvc_default\u00a0\u00bb][vc_column css=\u00a0\u00bb.vc_custom_1498229431694{padding-bottom: 50px !important;}\u00a0\u00bb][vc_column_text css=\u00a0\u00bb\u00a0\u00bb]L\u2019assistance technique vise \u00e0 accompagner les entreprises, ma\u00eetres d\u2019ouvrage et institutions dans l\u2019organisation technique et op\u00e9rationnelle de leurs projets d\u2019infrastructures. BECA Consult apporte un appui strat\u00e9gique et op\u00e9rationnel destin\u00e9 \u00e0 renforcer la performance des chantiers, am\u00e9liorer la qualit\u00e9 des ouvrages et s\u00e9curiser la ma\u00eetrise des co\u00fbts, des d\u00e9lais et des&hellip;","og_url":"https:\/\/beca-consult.com\/?page_id=2164","og_site_name":"Beca Consult","article_modified_time":"2026-05-07T08:28:04+00:00","twitter_card":"summary_large_image","twitter_misc":{"Dur\u00e9e de lecture estim\u00e9e":"3 minutes"},"schema":{"@context":"https:\/\/schema.org","@graph":[{"@type":"WebPage","@id":"https:\/\/beca-consult.com\/?page_id=2164","url":"https:\/\/beca-consult.com\/?page_id=2164","name":"Assistance technique - Beca Consult","isPartOf":{"@id":"https:\/\/beca-consult.com\/#website"},"datePublished":"2026-02-11T13:41:27+00:00","dateModified":"2026-05-07T08:28:04+00:00","breadcrumb":{"@id":"https:\/\/beca-consult.com\/?page_id=2164#breadcrumb"},"inLanguage":"fr-FR","potentialAction":[{"@type":"ReadAction","target":["https:\/\/beca-consult.com\/?page_id=2164"]}]},{"@type":"BreadcrumbList","@id":"https:\/\/beca-consult.com\/?page_id=2164#breadcrumb","itemListElement":[{"@type":"ListItem","position":1,"name":"Accueil","item":"https:\/\/beca-consult.com\/"},{"@type":"ListItem","position":2,"name":"Services","item":"https:\/\/beca-consult.com\/?page_id=7"},{"@type":"ListItem","position":3,"name":"Assistance technique"}]},{"@type":"WebSite","@id":"https:\/\/beca-consult.com\/#website","url":"https:\/\/beca-consult.com\/","name":"Beca Consult","description":"","publisher":{"@id":"https:\/\/beca-consult.com\/#organization"},"potentialAction":[{"@type":"SearchAction","target":{"@type":"EntryPoint","urlTemplate":"https:\/\/beca-consult.com\/?s={search_term_string}"},"query-input":{"@type":"PropertyValueSpecification","valueRequired":true,"valueName":"search_term_string"}}],"inLanguage":"fr-FR"},{"@type":"Organization","@id":"https:\/\/beca-consult.com\/#organization","name":"Beca Consult","url":"https:\/\/beca-consult.com\/","logo":{"@type":"ImageObject","inLanguage":"fr-FR","@id":"https:\/\/beca-consult.com\/#\/schema\/logo\/image\/","url":"https:\/\/beca-consult.com\/wp-content\/uploads\/2026\/05\/logo_beca_c-scaled.png","contentUrl":"https:\/\/beca-consult.com\/wp-content\/uploads\/2026\/05\/logo_beca_c-scaled.png","width":2560,"height":314,"caption":"Beca Consult"},"image":{"@id":"https:\/\/beca-consult.com\/#\/schema\/logo\/image\/"},"sameAs":["https:\/\/www.linkedin.com\/company\/beca-consult\/"]}]}},"_links":{"self":[{"href":"https:\/\/beca-consult.com\/index.php?rest_route=\/wp\/v2\/pages\/2164","targetHints":{"allow":["GET"]}}],"collection":[{"href":"https:\/\/beca-consult.com\/index.php?rest_route=\/wp\/v2\/pages"}],"about":[{"href":"https:\/\/beca-consult.com\/index.php?rest_route=\/wp\/v2\/types\/page"}],"author":[{"embeddable":true,"href":"https:\/\/beca-consult.com\/index.php?rest_route=\/wp\/v2\/users\/1"}],"replies":[{"embeddable":true,"href":"https:\/\/beca-consult.com\/index.php?rest_route=%2Fwp%2Fv2%2Fcomments&post=2164"}],"version-history":[{"count":10,"href":"https:\/\/beca-consult.com\/index.php?rest_route=\/wp\/v2\/pages\/2164\/revisions"}],"predecessor-version":[{"id":2412,"href":"https:\/\/beca-consult.com\/index.php?rest_route=\/wp\/v2\/pages\/2164\/revisions\/2412"}],"up":[{"embeddable":true,"href":"https:\/\/beca-consult.com\/index.php?rest_route=\/wp\/v2\/pages\/7"}],"wp:attachment":[{"href":"https:\/\/beca-consult.com\/index.php?rest_route=%2Fwp%2Fv2%2Fmedia&parent=2164"}],"curies":[{"name":"wp","href":"https:\/\/api.w.org\/{rel}","templated":true}]}}