{"id":2162,"date":"2026-02-11T14:40:38","date_gmt":"2026-02-11T13:40:38","guid":{"rendered":"http:\/\/beca-consulting.test\/?page_id=2162"},"modified":"2026-05-06T01:08:05","modified_gmt":"2026-05-05T23:08:05","slug":"suivi-et-controle-des-travaux","status":"publish","type":"page","link":"https:\/\/beca-consult.com\/?page_id=2162","title":{"rendered":"Suivi et contr\u00f4le des travaux"},"content":{"rendered":"<div class=\"wpb-content-wrapper\"><p>[vc_row type=\u00a0\u00bbvc_default\u00a0\u00bb][vc_column css=\u00a0\u00bb.vc_custom_1498229431694{padding-bottom: 50px !important;}\u00a0\u00bb]<div id=\"ultimate-heading-80296a044d1ae67d4\" class=\"uvc-heading ult-adjust-bottom-margin ultimate-heading-80296a044d1ae67d4 uvc-4538 \" data-hspacer=\"no_spacer\"  data-halign=\"left\" style=\"text-align:left\"><div class=\"uvc-heading-spacer no_spacer\" style=\"top\"><\/div><div class=\"uvc-main-heading ult-responsive\"  data-ultimate-target='.uvc-heading.ultimate-heading-80296a044d1ae67d4 h2'  data-responsive-json-new='{\"font-size\":\"desktop:26px;\",\"line-height\":\"desktop:32px;\"}' ><h2 style=\"font-weight:bold;margin-bottom:20px;\">SUIVI ET CONTR\u00d4LE DES TRAVAUX<\/h2><\/div><\/div>[vc_column_text css=\u00a0\u00bb\u00a0\u00bb]Le suivi et le contr\u00f4le des travaux constituent une phase d\u00e9terminante pour garantir la qualit\u00e9, la conformit\u00e9 et la durabilit\u00e9 des ouvrages r\u00e9alis\u00e9s. <strong>BECA-Consult<\/strong> intervient tout au long de l\u2019ex\u00e9cution des projets afin d\u2019assurer le respect des \u00e9tudes techniques, des sp\u00e9cifications contractuelles et des normes en vigueur.<\/p>\n<p>Notre intervention repose sur une pr\u00e9sence technique rigoureuse, une coordination permanente avec les parties prenantes et un suivi structur\u00e9 permettant d\u2019anticiper les risques, ma\u00eetriser les d\u00e9lais et s\u00e9curiser les investissements.[\/vc_column_text][\/vc_column][vc_column css=\u00a0\u00bb.vc_custom_1498229445232{padding-bottom: 50px !important;}\u00a0\u00bb]<div class=\"smile_icon_list_wrap ult_info_list_container ult-adjust-bottom-margin   vc_custom_1498230419199\"><ul class=\"smile_icon_list left hexagon\"><li class=\"icon_list_item\" style=\" font-size:60px;\"><div class=\"icon_list_icon\" data-animation=\"\" data-animation-delay=\"03\" style=\"font-size:20px;background:#ffb536;color:#ffffff;border-color:#ffb536;\"><i class=\"icomoon-icomoonfree-16x16-checkmark2\" ><\/i><\/div><div class=\"icon_description\" id=\"Info-list-wrap-2847\" style=\"font-size:20px;\"><h3 class=\"ult-responsive info-list-heading\"  data-ultimate-target='#Info-list-wrap-2847 h3'  data-responsive-json-new='{\"font-size\":\"desktop:16px;\",\"line-height\":\"desktop:22px;\"}'  style=\"font-family:&#039;Open Sans Condensed&#039;;font-weight:700;\">1. V\u00e9rification pr\u00e9alable et validation des documents d\u2019ex\u00e9cution<\/h3><div class=\"icon_description_text ult-responsive\"  data-ultimate-target='#Info-list-wrap-2847 .icon_description_text'  data-responsive-json-new='{\"font-size\":\"desktop:12px;\",\"line-height\":\"desktop:20px;\"}'  style=\"\"><p>Analyse des plans d\u2019ex\u00e9cution, m\u00e9thodes de travail et documents techniques pr\u00e9sent\u00e9s par l\u2019entreprise afin de garantir leur conformit\u00e9 aux \u00e9tudes approuv\u00e9es<\/p>\n<\/div><\/div><div class=\"icon_list_connector\"  style=\"border-right-width: 1px;border-right-style: dashed;border-color: #ffb536;\"><\/div><\/li><li class=\"icon_list_item\" style=\" font-size:60px;\"><div class=\"icon_list_icon\" data-animation=\"\" data-animation-delay=\"03\" style=\"font-size:20px;background:#ffb536;color:#ffffff;border-color:#ffb536;\"><i class=\"icomoon-icomoonfree-16x16-checkmark2\" ><\/i><\/div><div class=\"icon_description\" id=\"Info-list-wrap-9886\" style=\"font-size:20px;\"><h3 class=\"ult-responsive info-list-heading\"  data-ultimate-target='#Info-list-wrap-9886 h3'  data-responsive-json-new='{\"font-size\":\"desktop:16px;\",\"line-height\":\"desktop:22px;\"}'  style=\"font-family:&#039;Open Sans Condensed&#039;;font-weight:700;\">2. Surveillance technique permanente du chantier<\/h3><div class=\"icon_description_text ult-responsive\"  data-ultimate-target='#Info-list-wrap-9886 .icon_description_text'  data-responsive-json-new='{\"font-size\":\"desktop:12px;\",\"line-height\":\"desktop:20px;\"}'  style=\"\"><p>Suivi quotidien des travaux, contr\u00f4le des m\u00e9thodes d\u2019ex\u00e9cution et v\u00e9rification de la bonne mise en \u0153uvre des ouvrages.<\/p>\n<\/div><\/div><div class=\"icon_list_connector\"  style=\"border-right-width: 1px;border-right-style: dashed;border-color: #ffb536;\"><\/div><\/li><li class=\"icon_list_item\" style=\" font-size:60px;\"><div class=\"icon_list_icon\" data-animation=\"\" data-animation-delay=\"03\" style=\"font-size:20px;background:#ffb536;color:#ffffff;border-color:#ffb536;\"><i class=\"icomoon-icomoonfree-16x16-checkmark2\" ><\/i><\/div><div class=\"icon_description\" id=\"Info-list-wrap-7994\" style=\"font-size:20px;\"><h3 class=\"ult-responsive info-list-heading\"  data-ultimate-target='#Info-list-wrap-7994 h3'  data-responsive-json-new='{\"font-size\":\"desktop:16px;\",\"line-height\":\"desktop:22px;\"}'  style=\"font-family:&#039;Open Sans Condensed&#039;;font-weight:700;\">3. Contr\u00f4le qualit\u00e9 des mat\u00e9riaux et des ouvrages<\/h3><div class=\"icon_description_text ult-responsive\"  data-ultimate-target='#Info-list-wrap-7994 .icon_description_text'  data-responsive-json-new='{\"font-size\":\"desktop:12px;\",\"line-height\":\"desktop:20px;\"}'  style=\"\"><p>V\u00e9rification des essais, contr\u00f4les de laboratoire, conformit\u00e9 des mat\u00e9riaux et validation des proc\u00e9dures qualit\u00e9.<\/p>\n<\/div><\/div><div class=\"icon_list_connector\"  style=\"border-right-width: 1px;border-right-style: dashed;border-color: #ffb536;\"><\/div><\/li><li class=\"icon_list_item\" style=\" font-size:60px;\"><div class=\"icon_list_icon\" data-animation=\"\" data-animation-delay=\"03\" style=\"font-size:20px;background:#ffb536;color:#ffffff;border-color:#ffb536;\"><i class=\"icomoon-icomoonfree-16x16-checkmark2\" ><\/i><\/div><div class=\"icon_description\" id=\"Info-list-wrap-1753\" style=\"font-size:20px;\"><h3 class=\"ult-responsive info-list-heading\"  data-ultimate-target='#Info-list-wrap-1753 h3'  data-responsive-json-new='{\"font-size\":\"desktop:16px;\",\"line-height\":\"desktop:22px;\"}'  style=\"font-family:&#039;Open Sans Condensed&#039;;font-weight:700;\">4. Coordination technique des intervenants<\/h3><div class=\"icon_description_text ult-responsive\"  data-ultimate-target='#Info-list-wrap-1753 .icon_description_text'  data-responsive-json-new='{\"font-size\":\"desktop:12px;\",\"line-height\":\"desktop:20px;\"}'  style=\"\"><p>Organisation des r\u00e9unions de chantier, interface entre ma\u00eetre d\u2019ouvrage, entreprises et partenaires techniques afin d\u2019assurer la coh\u00e9rence des interventions.<\/p>\n<\/div><\/div><div class=\"icon_list_connector\"  style=\"border-right-width: 1px;border-right-style: dashed;border-color: #ffb536;\"><\/div><\/li><li class=\"icon_list_item\" style=\" font-size:60px;\"><div class=\"icon_list_icon\" data-animation=\"\" data-animation-delay=\"03\" style=\"font-size:20px;background:#ffb536;color:#ffffff;border-color:#ffb536;\"><i class=\"icomoon-icomoonfree-16x16-checkmark2\" ><\/i><\/div><div class=\"icon_description\" id=\"Info-list-wrap-3593\" style=\"font-size:20px;\"><h3 class=\"ult-responsive info-list-heading\"  data-ultimate-target='#Info-list-wrap-3593 h3'  data-responsive-json-new='{\"font-size\":\"desktop:16px;\",\"line-height\":\"desktop:22px;\"}'  style=\"font-family:&#039;Open Sans Condensed&#039;;font-weight:700;\">5. Suivi administratif et reporting technique<\/h3><div class=\"icon_description_text ult-responsive\"  data-ultimate-target='#Info-list-wrap-3593 .icon_description_text'  data-responsive-json-new='{\"font-size\":\"desktop:12px;\",\"line-height\":\"desktop:20px;\"}'  style=\"\"><p>\u00c9tablissement des rapports de chantier, suivi des situations de travaux et contr\u00f4le de l\u2019avancement physique et financier du projet.<\/p>\n<\/div><\/div><div class=\"icon_list_connector\"  style=\"border-right-width: 1px;border-right-style: dashed;border-color: #ffb536;\"><\/div><\/li><li class=\"icon_list_item\" style=\" font-size:60px;\"><div class=\"icon_list_icon\" data-animation=\"\" data-animation-delay=\"03\" style=\"font-size:20px;background:#ffb536;color:#ffffff;border-color:#ffb536;\"><i class=\"icomoon-icomoonfree-16x16-checkmark2\" ><\/i><\/div><div class=\"icon_description\" id=\"Info-list-wrap-9890\" style=\"font-size:20px;\"><h3 class=\"ult-responsive info-list-heading\"  data-ultimate-target='#Info-list-wrap-9890 h3'  data-responsive-json-new='{\"font-size\":\"desktop:16px;\",\"line-height\":\"desktop:22px;\"}'  style=\"font-family:&#039;Open Sans Condensed&#039;;font-weight:700;\">6. Assistance \u00e0 la r\u00e9ception des travaux<\/h3><div class=\"icon_description_text ult-responsive\"  data-ultimate-target='#Info-list-wrap-9890 .icon_description_text'  data-responsive-json-new='{\"font-size\":\"desktop:12px;\",\"line-height\":\"desktop:20px;\"}'  style=\"\"><p>Contr\u00f4le final des ouvrages, lev\u00e9e des r\u00e9serves et validation technique pr\u00e9alable \u00e0 la r\u00e9ception provisoire et d\u00e9finitive.<\/p>\n<\/div><\/div><div class=\"icon_list_connector\"  style=\"border-right-width: 1px;border-right-style: dashed;border-color: #ffb536;\"><\/div><\/li><\/ul><\/div>[\/vc_column][\/vc_row]<\/p>\n<\/div>","protected":false},"excerpt":{"rendered":"<p>[vc_row type=\u00a0\u00bbvc_default\u00a0\u00bb][vc_column css=\u00a0\u00bb.vc_custom_1498229431694{padding-bottom: 50px !important;}\u00a0\u00bb][vc_column_text css=\u00a0\u00bb\u00a0\u00bb]Le suivi et le contr\u00f4le des travaux constituent une phase d\u00e9terminante pour garantir la qualit\u00e9, la conformit\u00e9 et la durabilit\u00e9 des ouvrages r\u00e9alis\u00e9s. BECA-Consult intervient tout au long de l\u2019ex\u00e9cution des projets afin d\u2019assurer le respect des \u00e9tudes techniques, des sp\u00e9cifications contractuelles et des normes en vigueur. Notre intervention repose&hellip;<\/p>\n","protected":false},"author":1,"featured_media":0,"parent":7,"menu_order":0,"comment_status":"closed","ping_status":"closed","template":"","meta":{"footnotes":""},"class_list":["post-2162","page","type-page","status-publish","hentry","description-off"],"yoast_head":"<!-- This site is optimized with the Yoast SEO plugin v27.5 - https:\/\/yoast.com\/product\/yoast-seo-wordpress\/ -->\n<title>Suivi et contr\u00f4le des travaux - Beca Consult<\/title>\n<meta name=\"robots\" content=\"index, follow, max-snippet:-1, max-image-preview:large, max-video-preview:-1\" \/>\n<link rel=\"canonical\" href=\"https:\/\/beca-consult.com\/?page_id=2162\" \/>\n<meta property=\"og:locale\" content=\"fr_FR\" \/>\n<meta property=\"og:type\" content=\"article\" \/>\n<meta property=\"og:title\" content=\"Suivi et contr\u00f4le des travaux - Beca Consult\" \/>\n<meta property=\"og:description\" content=\"[vc_row type=\u00a0\u00bbvc_default\u00a0\u00bb][vc_column css=\u00a0\u00bb.vc_custom_1498229431694{padding-bottom: 50px !important;}\u00a0\u00bb][vc_column_text css=\u00a0\u00bb\u00a0\u00bb]Le suivi et le contr\u00f4le des travaux constituent une phase d\u00e9terminante pour garantir la qualit\u00e9, la conformit\u00e9 et la durabilit\u00e9 des ouvrages r\u00e9alis\u00e9s. BECA-Consult intervient tout au long de l\u2019ex\u00e9cution des projets afin d\u2019assurer le respect des \u00e9tudes techniques, des sp\u00e9cifications contractuelles et des normes en vigueur. Notre intervention repose&hellip;\" \/>\n<meta property=\"og:url\" content=\"https:\/\/beca-consult.com\/?page_id=2162\" \/>\n<meta property=\"og:site_name\" content=\"Beca Consult\" \/>\n<meta property=\"article:modified_time\" content=\"2026-05-05T23:08:05+00:00\" \/>\n<meta name=\"twitter:card\" content=\"summary_large_image\" \/>\n<meta name=\"twitter:label1\" content=\"Dur\u00e9e de lecture estim\u00e9e\" \/>\n\t<meta name=\"twitter:data1\" content=\"3 minutes\" \/>\n<script type=\"application\/ld+json\" class=\"yoast-schema-graph\">{\"@context\":\"https:\\\/\\\/schema.org\",\"@graph\":[{\"@type\":\"WebPage\",\"@id\":\"https:\\\/\\\/beca-consult.com\\\/?page_id=2162\",\"url\":\"https:\\\/\\\/beca-consult.com\\\/?page_id=2162\",\"name\":\"Suivi et contr\u00f4le des travaux - Beca Consult\",\"isPartOf\":{\"@id\":\"https:\\\/\\\/beca-consult.com\\\/#website\"},\"datePublished\":\"2026-02-11T13:40:38+00:00\",\"dateModified\":\"2026-05-05T23:08:05+00:00\",\"breadcrumb\":{\"@id\":\"https:\\\/\\\/beca-consult.com\\\/?page_id=2162#breadcrumb\"},\"inLanguage\":\"fr-FR\",\"potentialAction\":[{\"@type\":\"ReadAction\",\"target\":[\"https:\\\/\\\/beca-consult.com\\\/?page_id=2162\"]}]},{\"@type\":\"BreadcrumbList\",\"@id\":\"https:\\\/\\\/beca-consult.com\\\/?page_id=2162#breadcrumb\",\"itemListElement\":[{\"@type\":\"ListItem\",\"position\":1,\"name\":\"Accueil\",\"item\":\"https:\\\/\\\/beca-consult.com\\\/\"},{\"@type\":\"ListItem\",\"position\":2,\"name\":\"Services\",\"item\":\"https:\\\/\\\/beca-consult.com\\\/?page_id=7\"},{\"@type\":\"ListItem\",\"position\":3,\"name\":\"Suivi et contr\u00f4le des travaux\"}]},{\"@type\":\"WebSite\",\"@id\":\"https:\\\/\\\/beca-consult.com\\\/#website\",\"url\":\"https:\\\/\\\/beca-consult.com\\\/\",\"name\":\"Beca Consult\",\"description\":\"\",\"publisher\":{\"@id\":\"https:\\\/\\\/beca-consult.com\\\/#organization\"},\"potentialAction\":[{\"@type\":\"SearchAction\",\"target\":{\"@type\":\"EntryPoint\",\"urlTemplate\":\"https:\\\/\\\/beca-consult.com\\\/?s={search_term_string}\"},\"query-input\":{\"@type\":\"PropertyValueSpecification\",\"valueRequired\":true,\"valueName\":\"search_term_string\"}}],\"inLanguage\":\"fr-FR\"},{\"@type\":\"Organization\",\"@id\":\"https:\\\/\\\/beca-consult.com\\\/#organization\",\"name\":\"Beca Consult\",\"url\":\"https:\\\/\\\/beca-consult.com\\\/\",\"logo\":{\"@type\":\"ImageObject\",\"inLanguage\":\"fr-FR\",\"@id\":\"https:\\\/\\\/beca-consult.com\\\/#\\\/schema\\\/logo\\\/image\\\/\",\"url\":\"https:\\\/\\\/beca-consult.com\\\/wp-content\\\/uploads\\\/2026\\\/05\\\/logo_beca_c-scaled.png\",\"contentUrl\":\"https:\\\/\\\/beca-consult.com\\\/wp-content\\\/uploads\\\/2026\\\/05\\\/logo_beca_c-scaled.png\",\"width\":2560,\"height\":314,\"caption\":\"Beca Consult\"},\"image\":{\"@id\":\"https:\\\/\\\/beca-consult.com\\\/#\\\/schema\\\/logo\\\/image\\\/\"},\"sameAs\":[\"https:\\\/\\\/www.linkedin.com\\\/company\\\/beca-consult\\\/\"]}]}<\/script>\n<!-- \/ Yoast SEO plugin. -->","yoast_head_json":{"title":"Suivi et contr\u00f4le des travaux - Beca Consult","robots":{"index":"index","follow":"follow","max-snippet":"max-snippet:-1","max-image-preview":"max-image-preview:large","max-video-preview":"max-video-preview:-1"},"canonical":"https:\/\/beca-consult.com\/?page_id=2162","og_locale":"fr_FR","og_type":"article","og_title":"Suivi et contr\u00f4le des travaux - Beca Consult","og_description":"[vc_row type=\u00a0\u00bbvc_default\u00a0\u00bb][vc_column css=\u00a0\u00bb.vc_custom_1498229431694{padding-bottom: 50px !important;}\u00a0\u00bb][vc_column_text css=\u00a0\u00bb\u00a0\u00bb]Le suivi et le contr\u00f4le des travaux constituent une phase d\u00e9terminante pour garantir la qualit\u00e9, la conformit\u00e9 et la durabilit\u00e9 des ouvrages r\u00e9alis\u00e9s. BECA-Consult intervient tout au long de l\u2019ex\u00e9cution des projets afin d\u2019assurer le respect des \u00e9tudes techniques, des sp\u00e9cifications contractuelles et des normes en vigueur. Notre intervention repose&hellip;","og_url":"https:\/\/beca-consult.com\/?page_id=2162","og_site_name":"Beca Consult","article_modified_time":"2026-05-05T23:08:05+00:00","twitter_card":"summary_large_image","twitter_misc":{"Dur\u00e9e de lecture estim\u00e9e":"3 minutes"},"schema":{"@context":"https:\/\/schema.org","@graph":[{"@type":"WebPage","@id":"https:\/\/beca-consult.com\/?page_id=2162","url":"https:\/\/beca-consult.com\/?page_id=2162","name":"Suivi et contr\u00f4le des travaux - Beca Consult","isPartOf":{"@id":"https:\/\/beca-consult.com\/#website"},"datePublished":"2026-02-11T13:40:38+00:00","dateModified":"2026-05-05T23:08:05+00:00","breadcrumb":{"@id":"https:\/\/beca-consult.com\/?page_id=2162#breadcrumb"},"inLanguage":"fr-FR","potentialAction":[{"@type":"ReadAction","target":["https:\/\/beca-consult.com\/?page_id=2162"]}]},{"@type":"BreadcrumbList","@id":"https:\/\/beca-consult.com\/?page_id=2162#breadcrumb","itemListElement":[{"@type":"ListItem","position":1,"name":"Accueil","item":"https:\/\/beca-consult.com\/"},{"@type":"ListItem","position":2,"name":"Services","item":"https:\/\/beca-consult.com\/?page_id=7"},{"@type":"ListItem","position":3,"name":"Suivi et contr\u00f4le des travaux"}]},{"@type":"WebSite","@id":"https:\/\/beca-consult.com\/#website","url":"https:\/\/beca-consult.com\/","name":"Beca Consult","description":"","publisher":{"@id":"https:\/\/beca-consult.com\/#organization"},"potentialAction":[{"@type":"SearchAction","target":{"@type":"EntryPoint","urlTemplate":"https:\/\/beca-consult.com\/?s={search_term_string}"},"query-input":{"@type":"PropertyValueSpecification","valueRequired":true,"valueName":"search_term_string"}}],"inLanguage":"fr-FR"},{"@type":"Organization","@id":"https:\/\/beca-consult.com\/#organization","name":"Beca Consult","url":"https:\/\/beca-consult.com\/","logo":{"@type":"ImageObject","inLanguage":"fr-FR","@id":"https:\/\/beca-consult.com\/#\/schema\/logo\/image\/","url":"https:\/\/beca-consult.com\/wp-content\/uploads\/2026\/05\/logo_beca_c-scaled.png","contentUrl":"https:\/\/beca-consult.com\/wp-content\/uploads\/2026\/05\/logo_beca_c-scaled.png","width":2560,"height":314,"caption":"Beca Consult"},"image":{"@id":"https:\/\/beca-consult.com\/#\/schema\/logo\/image\/"},"sameAs":["https:\/\/www.linkedin.com\/company\/beca-consult\/"]}]}},"_links":{"self":[{"href":"https:\/\/beca-consult.com\/index.php?rest_route=\/wp\/v2\/pages\/2162","targetHints":{"allow":["GET"]}}],"collection":[{"href":"https:\/\/beca-consult.com\/index.php?rest_route=\/wp\/v2\/pages"}],"about":[{"href":"https:\/\/beca-consult.com\/index.php?rest_route=\/wp\/v2\/types\/page"}],"author":[{"embeddable":true,"href":"https:\/\/beca-consult.com\/index.php?rest_route=\/wp\/v2\/users\/1"}],"replies":[{"embeddable":true,"href":"https:\/\/beca-consult.com\/index.php?rest_route=%2Fwp%2Fv2%2Fcomments&post=2162"}],"version-history":[{"count":6,"href":"https:\/\/beca-consult.com\/index.php?rest_route=\/wp\/v2\/pages\/2162\/revisions"}],"predecessor-version":[{"id":2400,"href":"https:\/\/beca-consult.com\/index.php?rest_route=\/wp\/v2\/pages\/2162\/revisions\/2400"}],"up":[{"embeddable":true,"href":"https:\/\/beca-consult.com\/index.php?rest_route=\/wp\/v2\/pages\/7"}],"wp:attachment":[{"href":"https:\/\/beca-consult.com\/index.php?rest_route=%2Fwp%2Fv2%2Fmedia&parent=2162"}],"curies":[{"name":"wp","href":"https:\/\/api.w.org\/{rel}","templated":true}]}}